{"id":538,"date":"2026-01-26T02:23:12","date_gmt":"2026-01-26T02:23:12","guid":{"rendered":"https:\/\/novotelphuketresort.accorv2prod2.decms.eu\/kids-corner\/kids-activities\/"},"modified":"2026-04-13T03:36:27","modified_gmt":"2026-04-13T03:36:27","slug":"kids-activities","status":"publish","type":"page","link":"https:\/\/www.novotelphuket.com\/fr\/kids-corner\/kids-activities\/","title":{"rendered":"Activit\u00e9s pour enfants"},"content":{"rendered":"<p style=\"text-align: center\">Au Novotel Phuket Resort, nous croyons qu\u2019une excellente vacances en famille signifie du plaisir pour tous \u2013 y compris les plus petits ! Profitez d\u2019activit\u00e9s passionnantes comme la boxe tha\u00ef, les cours de cuisine, la peinture sur batik et les f\u00eates pour enfants, garantissant que chaque enfant trouve de la joie dans l\u2019aventure, l\u2019art, le sport ou l\u2019apprentissage !<\/p>\n<p style=\"text-align: center\">Nos activit\u00e9s sont soigneusement con\u00e7ues pour offrir une exp\u00e9rience s\u00fbre, divertissante et \u00e9ducative, garantissant que vos enfants passent un moment inoubliable pendant que vous vous d\u00e9tendez et profitez de vos vacances.<\/p>\n<p style=\"text-align: center\">Que le plaisir commence : activit\u00e9s passionnantes pour les jeunes invit\u00e9s !<\/p>\n","protected":false},"excerpt":{"rendered":"<p>Au Novotel Phuket Resort, nous croyons qu\u2019une excellente vacances en famille signifie du plaisir pour tous \u2013 y compris les plus petits ! Profitez d\u2019activit\u00e9s passionnantes comme la boxe tha\u00ef, les cours de cuisine, la peinture sur batik et les f\u00eates pour enfants, garantissant que chaque enfant trouve de la joie dans l\u2019aventure, l\u2019art, le [&hellip;]<\/p>\n","protected":false},"author":30,"featured_media":0,"parent":523,"menu_order":0,"comment_status":"closed","ping_status":"closed","template":"","meta":{"footnotes":""},"categories":[],"class_list":["post-538","page","type-page","status-publish","hentry"],"acf":[],"yoast_head":"<!-- This site is optimized with the Yoast SEO plugin v26.9 - https:\/\/yoast.com\/product\/yoast-seo-wordpress\/ -->\n<title>Activit\u00e9s pour enfants au Novotel Phuket Resort<\/title>\n<meta name=\"description\" content=\"Novotel Phuket propose des activit\u00e9s captivantes pour les enfants, allant des arts et loisirs cr\u00e9atifs aux jeux culturels, pour divertir les jeunes invit\u00e9s pendant leurs vacances.\" \/>\n<meta name=\"robots\" content=\"index, follow, max-snippet:-1, max-image-preview:large, max-video-preview:-1\" \/>\n<link rel=\"canonical\" href=\"https:\/\/www.novotelphuket.com\/fr\/kids-corner\/kids-activities\/\" \/>\n<meta property=\"og:locale\" content=\"fr_FR\" \/>\n<meta property=\"og:type\" content=\"article\" \/>\n<meta property=\"og:title\" content=\"Activit\u00e9s pour enfants au Novotel Phuket Resort\" \/>\n<meta property=\"og:description\" content=\"Novotel Phuket propose des activit\u00e9s captivantes pour les enfants, allant des arts et loisirs cr\u00e9atifs aux jeux culturels, pour divertir les jeunes invit\u00e9s pendant leurs vacances.\" \/>\n<meta property=\"og:url\" content=\"https:\/\/www.novotelphuket.com\/fr\/kids-corner\/kids-activities\/\" \/>\n<meta property=\"og:site_name\" content=\"Novotel Phuket Resort\" \/>\n<meta property=\"article:modified_time\" content=\"2026-04-13T03:36:27+00:00\" \/>\n<meta name=\"twitter:card\" content=\"summary_large_image\" \/>\n<meta name=\"twitter:label1\" content=\"Est. reading time\" \/>\n\t<meta name=\"twitter:data1\" content=\"1 minute\" \/>\n<script type=\"application\/ld+json\" class=\"yoast-schema-graph\">{\"@context\":\"https:\/\/schema.org\",\"@graph\":[{\"@type\":\"WebPage\",\"@id\":\"https:\/\/www.novotelphuket.com\/fr\/kids-corner\/kids-activities\/\",\"url\":\"https:\/\/www.novotelphuket.com\/fr\/kids-corner\/kids-activities\/\",\"name\":\"Activit\u00e9s pour enfants au Novotel Phuket Resort\",\"isPartOf\":{\"@id\":\"https:\/\/www.novotelphuket.com\/#website\"},\"datePublished\":\"2026-01-26T02:23:12+00:00\",\"dateModified\":\"2026-04-13T03:36:27+00:00\",\"description\":\"Novotel Phuket propose des activit\u00e9s captivantes pour les enfants, allant des arts et loisirs cr\u00e9atifs aux jeux culturels, pour divertir les jeunes invit\u00e9s pendant leurs vacances.\",\"breadcrumb\":{\"@id\":\"https:\/\/www.novotelphuket.com\/fr\/kids-corner\/kids-activities\/#breadcrumb\"},\"inLanguage\":\"fr-FR\",\"potentialAction\":[{\"@type\":\"ReadAction\",\"target\":[\"https:\/\/www.novotelphuket.com\/fr\/kids-corner\/kids-activities\/\"]}]},{\"@type\":\"BreadcrumbList\",\"@id\":\"https:\/\/www.novotelphuket.com\/fr\/kids-corner\/kids-activities\/#breadcrumb\",\"itemListElement\":[{\"@type\":\"ListItem\",\"position\":1,\"name\":\"Accueil\",\"item\":\"https:\/\/www.novotelphuket.com\/fr\/\"},{\"@type\":\"ListItem\",\"position\":2,\"name\":\"Coin des enfants\",\"item\":\"https:\/\/www.novotelphuket.com\/fr\/kids-corner\/\"},{\"@type\":\"ListItem\",\"position\":3,\"name\":\"Activit\u00e9s pour enfants\"}]},{\"@type\":\"WebSite\",\"@id\":\"https:\/\/www.novotelphuket.com\/#website\",\"url\":\"https:\/\/www.novotelphuket.com\/\",\"name\":\"Novotel Phuket Resort\",\"description\":\"\",\"potentialAction\":[{\"@type\":\"SearchAction\",\"target\":{\"@type\":\"EntryPoint\",\"urlTemplate\":\"https:\/\/www.novotelphuket.com\/?s={search_term_string}\"},\"query-input\":{\"@type\":\"PropertyValueSpecification\",\"valueRequired\":true,\"valueName\":\"search_term_string\"}}],\"inLanguage\":\"fr-FR\"}]}<\/script>\n<!-- \/ Yoast SEO plugin. -->","yoast_head_json":{"title":"Activit\u00e9s pour enfants au Novotel Phuket Resort","description":"Novotel Phuket propose des activit\u00e9s captivantes pour les enfants, allant des arts et loisirs cr\u00e9atifs aux jeux culturels, pour divertir les jeunes invit\u00e9s pendant leurs vacances.","robots":{"index":"index","follow":"follow","max-snippet":"max-snippet:-1","max-image-preview":"max-image-preview:large","max-video-preview":"max-video-preview:-1"},"canonical":"https:\/\/www.novotelphuket.com\/fr\/kids-corner\/kids-activities\/","og_locale":"fr_FR","og_type":"article","og_title":"Activit\u00e9s pour enfants au Novotel Phuket Resort","og_description":"Novotel Phuket propose des activit\u00e9s captivantes pour les enfants, allant des arts et loisirs cr\u00e9atifs aux jeux culturels, pour divertir les jeunes invit\u00e9s pendant leurs vacances.","og_url":"https:\/\/www.novotelphuket.com\/fr\/kids-corner\/kids-activities\/","og_site_name":"Novotel Phuket Resort","article_modified_time":"2026-04-13T03:36:27+00:00","twitter_card":"summary_large_image","twitter_misc":{"Est. reading time":"1 minute"},"schema":{"@context":"https:\/\/schema.org","@graph":[{"@type":"WebPage","@id":"https:\/\/www.novotelphuket.com\/fr\/kids-corner\/kids-activities\/","url":"https:\/\/www.novotelphuket.com\/fr\/kids-corner\/kids-activities\/","name":"Activit\u00e9s pour enfants au Novotel Phuket Resort","isPartOf":{"@id":"https:\/\/www.novotelphuket.com\/#website"},"datePublished":"2026-01-26T02:23:12+00:00","dateModified":"2026-04-13T03:36:27+00:00","description":"Novotel Phuket propose des activit\u00e9s captivantes pour les enfants, allant des arts et loisirs cr\u00e9atifs aux jeux culturels, pour divertir les jeunes invit\u00e9s pendant leurs vacances.","breadcrumb":{"@id":"https:\/\/www.novotelphuket.com\/fr\/kids-corner\/kids-activities\/#breadcrumb"},"inLanguage":"fr-FR","potentialAction":[{"@type":"ReadAction","target":["https:\/\/www.novotelphuket.com\/fr\/kids-corner\/kids-activities\/"]}]},{"@type":"BreadcrumbList","@id":"https:\/\/www.novotelphuket.com\/fr\/kids-corner\/kids-activities\/#breadcrumb","itemListElement":[{"@type":"ListItem","position":1,"name":"Accueil","item":"https:\/\/www.novotelphuket.com\/fr\/"},{"@type":"ListItem","position":2,"name":"Coin des enfants","item":"https:\/\/www.novotelphuket.com\/fr\/kids-corner\/"},{"@type":"ListItem","position":3,"name":"Activit\u00e9s pour enfants"}]},{"@type":"WebSite","@id":"https:\/\/www.novotelphuket.com\/#website","url":"https:\/\/www.novotelphuket.com\/","name":"Novotel Phuket Resort","description":"","potentialAction":[{"@type":"SearchAction","target":{"@type":"EntryPoint","urlTemplate":"https:\/\/www.novotelphuket.com\/?s={search_term_string}"},"query-input":{"@type":"PropertyValueSpecification","valueRequired":true,"valueName":"search_term_string"}}],"inLanguage":"fr-FR"}]}},"_links":{"self":[{"href":"https:\/\/www.novotelphuket.com\/fr\/wp-json\/wp\/v2\/pages\/538","targetHints":{"allow":["GET"]}}],"collection":[{"href":"https:\/\/www.novotelphuket.com\/fr\/wp-json\/wp\/v2\/pages"}],"about":[{"href":"https:\/\/www.novotelphuket.com\/fr\/wp-json\/wp\/v2\/types\/page"}],"author":[{"embeddable":true,"href":"https:\/\/www.novotelphuket.com\/fr\/wp-json\/wp\/v2\/users\/30"}],"replies":[{"embeddable":true,"href":"https:\/\/www.novotelphuket.com\/fr\/wp-json\/wp\/v2\/comments?post=538"}],"version-history":[{"count":0,"href":"https:\/\/www.novotelphuket.com\/fr\/wp-json\/wp\/v2\/pages\/538\/revisions"}],"up":[{"embeddable":true,"href":"https:\/\/www.novotelphuket.com\/fr\/wp-json\/wp\/v2\/pages\/523"}],"wp:attachment":[{"href":"https:\/\/www.novotelphuket.com\/fr\/wp-json\/wp\/v2\/media?parent=538"}],"wp:term":[{"taxonomy":"category","embeddable":true,"href":"https:\/\/www.novotelphuket.com\/fr\/wp-json\/wp\/v2\/categories?post=538"}],"curies":[{"name":"wp","href":"https:\/\/api.w.org\/{rel}","templated":true}]}}