{"id":562,"date":"2026-01-12T05:32:02","date_gmt":"2026-01-12T05:32:02","guid":{"rendered":"https:\/\/novotelphuketresort.accorv2prod2.decms.eu\/restaurantsbars\/the-coffee-house-breakfast\/"},"modified":"2026-04-29T02:55:22","modified_gmt":"2026-04-29T02:55:22","slug":"the-coffee-house-breakfast","status":"publish","type":"page","link":"https:\/\/www.novotelphuket.com\/fr\/restaurantsbars\/the-coffee-house-breakfast\/","title":{"rendered":"THE COFFEE HOUSE \u2013 PETIT D\u00c9JEUNER"},"content":{"rendered":"<p>R\u00e9veillez-vous pour un d\u00e9but de journ\u00e9e parfait au Coffee House, o\u00f9 vous pourrez profiter d\u2019une exp\u00e9rience de petit-d\u00e9jeuner unique dans un h\u00f4tel offrant une vue panoramique sur la plage de Patong. L\u2019atmosph\u00e8re paisible offre un cadre relaxant, avec des places assises \u00e0 l\u2019int\u00e9rieur comme \u00e0 l\u2019ext\u00e9rieur. Savourez votre repas tout en admirant la magnifique vue sur la mer, pour un matin encore plus agr\u00e9able. Par Novotel Phuket Resort.<\/p>\n","protected":false},"excerpt":{"rendered":"<p>R\u00e9veillez-vous pour un d\u00e9but de journ\u00e9e parfait au Coffee House, o\u00f9 vous pourrez profiter d\u2019une exp\u00e9rience de petit-d\u00e9jeuner unique dans un h\u00f4tel offrant une vue panoramique sur la plage de Patong. L\u2019atmosph\u00e8re paisible offre un cadre relaxant, avec des places assises \u00e0 l\u2019int\u00e9rieur comme \u00e0 l\u2019ext\u00e9rieur. Savourez votre repas tout en admirant la magnifique vue [&hellip;]<\/p>\n","protected":false},"author":30,"featured_media":0,"parent":554,"menu_order":1,"comment_status":"closed","ping_status":"closed","template":"template-restaurant.php","meta":{"footnotes":""},"categories":[],"class_list":["post-562","page","type-page","status-publish","hentry"],"acf":[],"yoast_head":"<!-- This site is optimized with the Yoast SEO plugin v26.9 - https:\/\/yoast.com\/product\/yoast-seo-wordpress\/ -->\n<title>the-coffee-house-petit-dejeuner<\/title>\n<meta name=\"description\" content=\"Commencez votre journ\u00e9e avec un copieux buffet au Coffee House, proposant vos favoris du petit-d\u00e9jeuner international dans une ambiance d\u00e9contract\u00e9e et chaleureuse au sein du resort.\" \/>\n<meta name=\"robots\" content=\"index, follow, max-snippet:-1, max-image-preview:large, max-video-preview:-1\" \/>\n<link rel=\"canonical\" href=\"https:\/\/www.novotelphuket.com\/fr\/restaurantsbars\/the-coffee-house-breakfast\/\" \/>\n<meta property=\"og:locale\" content=\"fr_FR\" \/>\n<meta property=\"og:type\" content=\"article\" \/>\n<meta property=\"og:title\" content=\"the-coffee-house-petit-dejeuner\" \/>\n<meta property=\"og:description\" content=\"Commencez votre journ\u00e9e avec un copieux buffet au Coffee House, proposant vos favoris du petit-d\u00e9jeuner international dans une ambiance d\u00e9contract\u00e9e et chaleureuse au sein du resort.\" \/>\n<meta property=\"og:url\" content=\"https:\/\/www.novotelphuket.com\/fr\/restaurantsbars\/the-coffee-house-breakfast\/\" \/>\n<meta property=\"og:site_name\" content=\"Novotel Phuket Resort\" \/>\n<meta property=\"article:modified_time\" content=\"2026-04-29T02:55:22+00:00\" \/>\n<meta name=\"twitter:card\" content=\"summary_large_image\" \/>\n<meta name=\"twitter:label1\" content=\"Est. reading time\" \/>\n\t<meta name=\"twitter:data1\" content=\"1 minute\" \/>\n<script type=\"application\/ld+json\" class=\"yoast-schema-graph\">{\"@context\":\"https:\/\/schema.org\",\"@graph\":[{\"@type\":\"WebPage\",\"@id\":\"https:\/\/www.novotelphuket.com\/fr\/restaurantsbars\/the-coffee-house-breakfast\/\",\"url\":\"https:\/\/www.novotelphuket.com\/fr\/restaurantsbars\/the-coffee-house-breakfast\/\",\"name\":\"the-coffee-house-petit-dejeuner\",\"isPartOf\":{\"@id\":\"https:\/\/www.novotelphuket.com\/#website\"},\"datePublished\":\"2026-01-12T05:32:02+00:00\",\"dateModified\":\"2026-04-29T02:55:22+00:00\",\"description\":\"Commencez votre journ\u00e9e avec un copieux buffet au Coffee House, proposant vos favoris du petit-d\u00e9jeuner international dans une ambiance d\u00e9contract\u00e9e et chaleureuse au sein du resort.\",\"breadcrumb\":{\"@id\":\"https:\/\/www.novotelphuket.com\/fr\/restaurantsbars\/the-coffee-house-breakfast\/#breadcrumb\"},\"inLanguage\":\"fr-FR\",\"potentialAction\":[{\"@type\":\"ReadAction\",\"target\":[\"https:\/\/www.novotelphuket.com\/fr\/restaurantsbars\/the-coffee-house-breakfast\/\"]}]},{\"@type\":\"BreadcrumbList\",\"@id\":\"https:\/\/www.novotelphuket.com\/fr\/restaurantsbars\/the-coffee-house-breakfast\/#breadcrumb\",\"itemListElement\":[{\"@type\":\"ListItem\",\"position\":1,\"name\":\"Accueil\",\"item\":\"https:\/\/www.novotelphuket.com\/fr\/\"},{\"@type\":\"ListItem\",\"position\":2,\"name\":\"RESTAURANTS &#038; BARS\",\"item\":\"https:\/\/www.novotelphuket.com\/fr\/restaurantsbars\/\"},{\"@type\":\"ListItem\",\"position\":3,\"name\":\"THE COFFEE HOUSE \u2013 PETIT D\u00c9JEUNER\"}]},{\"@type\":\"WebSite\",\"@id\":\"https:\/\/www.novotelphuket.com\/#website\",\"url\":\"https:\/\/www.novotelphuket.com\/\",\"name\":\"Novotel Phuket Resort\",\"description\":\"\",\"potentialAction\":[{\"@type\":\"SearchAction\",\"target\":{\"@type\":\"EntryPoint\",\"urlTemplate\":\"https:\/\/www.novotelphuket.com\/?s={search_term_string}\"},\"query-input\":{\"@type\":\"PropertyValueSpecification\",\"valueRequired\":true,\"valueName\":\"search_term_string\"}}],\"inLanguage\":\"fr-FR\"}]}<\/script>\n<!-- \/ Yoast SEO plugin. -->","yoast_head_json":{"title":"the-coffee-house-petit-dejeuner","description":"Commencez votre journ\u00e9e avec un copieux buffet au Coffee House, proposant vos favoris du petit-d\u00e9jeuner international dans une ambiance d\u00e9contract\u00e9e et chaleureuse au sein du resort.","robots":{"index":"index","follow":"follow","max-snippet":"max-snippet:-1","max-image-preview":"max-image-preview:large","max-video-preview":"max-video-preview:-1"},"canonical":"https:\/\/www.novotelphuket.com\/fr\/restaurantsbars\/the-coffee-house-breakfast\/","og_locale":"fr_FR","og_type":"article","og_title":"the-coffee-house-petit-dejeuner","og_description":"Commencez votre journ\u00e9e avec un copieux buffet au Coffee House, proposant vos favoris du petit-d\u00e9jeuner international dans une ambiance d\u00e9contract\u00e9e et chaleureuse au sein du resort.","og_url":"https:\/\/www.novotelphuket.com\/fr\/restaurantsbars\/the-coffee-house-breakfast\/","og_site_name":"Novotel Phuket Resort","article_modified_time":"2026-04-29T02:55:22+00:00","twitter_card":"summary_large_image","twitter_misc":{"Est. reading time":"1 minute"},"schema":{"@context":"https:\/\/schema.org","@graph":[{"@type":"WebPage","@id":"https:\/\/www.novotelphuket.com\/fr\/restaurantsbars\/the-coffee-house-breakfast\/","url":"https:\/\/www.novotelphuket.com\/fr\/restaurantsbars\/the-coffee-house-breakfast\/","name":"the-coffee-house-petit-dejeuner","isPartOf":{"@id":"https:\/\/www.novotelphuket.com\/#website"},"datePublished":"2026-01-12T05:32:02+00:00","dateModified":"2026-04-29T02:55:22+00:00","description":"Commencez votre journ\u00e9e avec un copieux buffet au Coffee House, proposant vos favoris du petit-d\u00e9jeuner international dans une ambiance d\u00e9contract\u00e9e et chaleureuse au sein du resort.","breadcrumb":{"@id":"https:\/\/www.novotelphuket.com\/fr\/restaurantsbars\/the-coffee-house-breakfast\/#breadcrumb"},"inLanguage":"fr-FR","potentialAction":[{"@type":"ReadAction","target":["https:\/\/www.novotelphuket.com\/fr\/restaurantsbars\/the-coffee-house-breakfast\/"]}]},{"@type":"BreadcrumbList","@id":"https:\/\/www.novotelphuket.com\/fr\/restaurantsbars\/the-coffee-house-breakfast\/#breadcrumb","itemListElement":[{"@type":"ListItem","position":1,"name":"Accueil","item":"https:\/\/www.novotelphuket.com\/fr\/"},{"@type":"ListItem","position":2,"name":"RESTAURANTS &#038; BARS","item":"https:\/\/www.novotelphuket.com\/fr\/restaurantsbars\/"},{"@type":"ListItem","position":3,"name":"THE COFFEE HOUSE \u2013 PETIT D\u00c9JEUNER"}]},{"@type":"WebSite","@id":"https:\/\/www.novotelphuket.com\/#website","url":"https:\/\/www.novotelphuket.com\/","name":"Novotel Phuket Resort","description":"","potentialAction":[{"@type":"SearchAction","target":{"@type":"EntryPoint","urlTemplate":"https:\/\/www.novotelphuket.com\/?s={search_term_string}"},"query-input":{"@type":"PropertyValueSpecification","valueRequired":true,"valueName":"search_term_string"}}],"inLanguage":"fr-FR"}]}},"_links":{"self":[{"href":"https:\/\/www.novotelphuket.com\/fr\/wp-json\/wp\/v2\/pages\/562","targetHints":{"allow":["GET"]}}],"collection":[{"href":"https:\/\/www.novotelphuket.com\/fr\/wp-json\/wp\/v2\/pages"}],"about":[{"href":"https:\/\/www.novotelphuket.com\/fr\/wp-json\/wp\/v2\/types\/page"}],"author":[{"embeddable":true,"href":"https:\/\/www.novotelphuket.com\/fr\/wp-json\/wp\/v2\/users\/30"}],"replies":[{"embeddable":true,"href":"https:\/\/www.novotelphuket.com\/fr\/wp-json\/wp\/v2\/comments?post=562"}],"version-history":[{"count":0,"href":"https:\/\/www.novotelphuket.com\/fr\/wp-json\/wp\/v2\/pages\/562\/revisions"}],"up":[{"embeddable":true,"href":"https:\/\/www.novotelphuket.com\/fr\/wp-json\/wp\/v2\/pages\/554"}],"wp:attachment":[{"href":"https:\/\/www.novotelphuket.com\/fr\/wp-json\/wp\/v2\/media?parent=562"}],"wp:term":[{"taxonomy":"category","embeddable":true,"href":"https:\/\/www.novotelphuket.com\/fr\/wp-json\/wp\/v2\/categories?post=562"}],"curies":[{"name":"wp","href":"https:\/\/api.w.org\/{rel}","templated":true}]}}