{"id":578,"date":"2026-01-12T06:09:19","date_gmt":"2026-01-12T06:09:19","guid":{"rendered":"https:\/\/novotelphuketresort.accorv2prod2.decms.eu\/restaurantsbars\/in-room-dinning\/"},"modified":"2026-03-31T08:30:03","modified_gmt":"2026-03-31T08:30:03","slug":"in-room-dining","status":"publish","type":"page","link":"https:\/\/www.novotelphuket.com\/fr\/restaurantsbars\/in-room-dining\/","title":{"rendered":"In-room dining"},"content":{"rendered":"<p>Commandez \u00e0 partir de notre menu \u201c\u00e0 la carte\u201d un large choix de petits-d\u00e9jeuners.<br \/>\nProfitez d\u2019une exp\u00e9rience culinaire exceptionnelle dans l\u2019intimit\u00e9 de votre chambre gr\u00e2ce \u00e0 notre service en chambre. Que ce soit pour un d\u00e9licieux petit-d\u00e9jeuner, un d\u00e9jeuner l\u00e9ger ou un d\u00eener raffin\u00e9, nous sommes pr\u00eats \u00e0 vous servir 24h\/24. Notre menu vari\u00e9 inclut cuisine locale et internationale ainsi que des options sp\u00e9ciales, comme des plats v\u00e9g\u00e9tariens. Le service en chambre fait partie int\u00e9grante de votre s\u00e9jour confortable et m\u00e9morable, vous permettant de savourer de d\u00e9licieux repas livr\u00e9s directement \u00e0 votre porte \u00e0 tout moment.<\/p>\n","protected":false},"excerpt":{"rendered":"<p>Commandez \u00e0 partir de notre menu \u201c\u00e0 la carte\u201d un large choix de petits-d\u00e9jeuners. Profitez d\u2019une exp\u00e9rience culinaire exceptionnelle dans l\u2019intimit\u00e9 de votre chambre gr\u00e2ce \u00e0 notre service en chambre. Que ce soit pour un d\u00e9licieux petit-d\u00e9jeuner, un d\u00e9jeuner l\u00e9ger ou un d\u00eener raffin\u00e9, nous sommes pr\u00eats \u00e0 vous servir 24h\/24. Notre menu vari\u00e9 inclut [&hellip;]<\/p>\n","protected":false},"author":30,"featured_media":0,"parent":554,"menu_order":5,"comment_status":"closed","ping_status":"closed","template":"template-restaurant.php","meta":{"footnotes":""},"categories":[],"class_list":["post-578","page","type-page","status-publish","hentry"],"acf":[],"yoast_head":"<!-- This site is optimized with the Yoast SEO plugin v26.9 - https:\/\/yoast.com\/product\/yoast-seo-wordpress\/ -->\n<title>Service en chambre de l\u2019h\u00f4tel \u00e0 Patong, Phuket | Novotel Phuket Resort<\/title>\n<meta name=\"description\" content=\"Profitez du service en chambre 24h\/24 au Novotel Phuket avec des plats \u00e0 la carte locaux, internationaux et v\u00e9g\u00e9tariens, livr\u00e9s directement dans votre chambre.\" \/>\n<meta name=\"robots\" content=\"index, follow, max-snippet:-1, max-image-preview:large, max-video-preview:-1\" \/>\n<link rel=\"canonical\" href=\"https:\/\/www.novotelphuket.com\/fr\/restaurantsbars\/in-room-dining\/\" \/>\n<meta property=\"og:locale\" content=\"fr_FR\" \/>\n<meta property=\"og:type\" content=\"article\" \/>\n<meta property=\"og:title\" content=\"Service en chambre de l\u2019h\u00f4tel \u00e0 Patong, Phuket | Novotel Phuket Resort\" \/>\n<meta property=\"og:description\" content=\"Profitez du service en chambre 24h\/24 au Novotel Phuket avec des plats \u00e0 la carte locaux, internationaux et v\u00e9g\u00e9tariens, livr\u00e9s directement dans votre chambre.\" \/>\n<meta property=\"og:url\" content=\"https:\/\/www.novotelphuket.com\/fr\/restaurantsbars\/in-room-dining\/\" \/>\n<meta property=\"og:site_name\" content=\"Novotel Phuket Resort\" \/>\n<meta property=\"article:modified_time\" content=\"2026-03-31T08:30:03+00:00\" \/>\n<meta name=\"twitter:card\" content=\"summary_large_image\" \/>\n<meta name=\"twitter:label1\" content=\"Est. reading time\" \/>\n\t<meta name=\"twitter:data1\" content=\"1 minute\" \/>\n<script type=\"application\/ld+json\" class=\"yoast-schema-graph\">{\"@context\":\"https:\/\/schema.org\",\"@graph\":[{\"@type\":\"WebPage\",\"@id\":\"https:\/\/www.novotelphuket.com\/fr\/restaurantsbars\/in-room-dining\/\",\"url\":\"https:\/\/www.novotelphuket.com\/fr\/restaurantsbars\/in-room-dining\/\",\"name\":\"Service en chambre de l\u2019h\u00f4tel \u00e0 Patong, Phuket | Novotel Phuket Resort\",\"isPartOf\":{\"@id\":\"https:\/\/www.novotelphuket.com\/#website\"},\"datePublished\":\"2026-01-12T06:09:19+00:00\",\"dateModified\":\"2026-03-31T08:30:03+00:00\",\"description\":\"Profitez du service en chambre 24h\/24 au Novotel Phuket avec des plats \u00e0 la carte locaux, internationaux et v\u00e9g\u00e9tariens, livr\u00e9s directement dans votre chambre.\",\"breadcrumb\":{\"@id\":\"https:\/\/www.novotelphuket.com\/fr\/restaurantsbars\/in-room-dining\/#breadcrumb\"},\"inLanguage\":\"fr-FR\",\"potentialAction\":[{\"@type\":\"ReadAction\",\"target\":[\"https:\/\/www.novotelphuket.com\/fr\/restaurantsbars\/in-room-dining\/\"]}]},{\"@type\":\"BreadcrumbList\",\"@id\":\"https:\/\/www.novotelphuket.com\/fr\/restaurantsbars\/in-room-dining\/#breadcrumb\",\"itemListElement\":[{\"@type\":\"ListItem\",\"position\":1,\"name\":\"Accueil\",\"item\":\"https:\/\/www.novotelphuket.com\/fr\/\"},{\"@type\":\"ListItem\",\"position\":2,\"name\":\"RESTAURANTS &#038; BARS\",\"item\":\"https:\/\/www.novotelphuket.com\/fr\/restaurantsbars\/\"},{\"@type\":\"ListItem\",\"position\":3,\"name\":\"In-room dining\"}]},{\"@type\":\"WebSite\",\"@id\":\"https:\/\/www.novotelphuket.com\/#website\",\"url\":\"https:\/\/www.novotelphuket.com\/\",\"name\":\"Novotel Phuket Resort\",\"description\":\"\",\"potentialAction\":[{\"@type\":\"SearchAction\",\"target\":{\"@type\":\"EntryPoint\",\"urlTemplate\":\"https:\/\/www.novotelphuket.com\/?s={search_term_string}\"},\"query-input\":{\"@type\":\"PropertyValueSpecification\",\"valueRequired\":true,\"valueName\":\"search_term_string\"}}],\"inLanguage\":\"fr-FR\"}]}<\/script>\n<!-- \/ Yoast SEO plugin. -->","yoast_head_json":{"title":"Service en chambre de l\u2019h\u00f4tel \u00e0 Patong, Phuket | Novotel Phuket Resort","description":"Profitez du service en chambre 24h\/24 au Novotel Phuket avec des plats \u00e0 la carte locaux, internationaux et v\u00e9g\u00e9tariens, livr\u00e9s directement dans votre chambre.","robots":{"index":"index","follow":"follow","max-snippet":"max-snippet:-1","max-image-preview":"max-image-preview:large","max-video-preview":"max-video-preview:-1"},"canonical":"https:\/\/www.novotelphuket.com\/fr\/restaurantsbars\/in-room-dining\/","og_locale":"fr_FR","og_type":"article","og_title":"Service en chambre de l\u2019h\u00f4tel \u00e0 Patong, Phuket | Novotel Phuket Resort","og_description":"Profitez du service en chambre 24h\/24 au Novotel Phuket avec des plats \u00e0 la carte locaux, internationaux et v\u00e9g\u00e9tariens, livr\u00e9s directement dans votre chambre.","og_url":"https:\/\/www.novotelphuket.com\/fr\/restaurantsbars\/in-room-dining\/","og_site_name":"Novotel Phuket Resort","article_modified_time":"2026-03-31T08:30:03+00:00","twitter_card":"summary_large_image","twitter_misc":{"Est. reading time":"1 minute"},"schema":{"@context":"https:\/\/schema.org","@graph":[{"@type":"WebPage","@id":"https:\/\/www.novotelphuket.com\/fr\/restaurantsbars\/in-room-dining\/","url":"https:\/\/www.novotelphuket.com\/fr\/restaurantsbars\/in-room-dining\/","name":"Service en chambre de l\u2019h\u00f4tel \u00e0 Patong, Phuket | Novotel Phuket Resort","isPartOf":{"@id":"https:\/\/www.novotelphuket.com\/#website"},"datePublished":"2026-01-12T06:09:19+00:00","dateModified":"2026-03-31T08:30:03+00:00","description":"Profitez du service en chambre 24h\/24 au Novotel Phuket avec des plats \u00e0 la carte locaux, internationaux et v\u00e9g\u00e9tariens, livr\u00e9s directement dans votre chambre.","breadcrumb":{"@id":"https:\/\/www.novotelphuket.com\/fr\/restaurantsbars\/in-room-dining\/#breadcrumb"},"inLanguage":"fr-FR","potentialAction":[{"@type":"ReadAction","target":["https:\/\/www.novotelphuket.com\/fr\/restaurantsbars\/in-room-dining\/"]}]},{"@type":"BreadcrumbList","@id":"https:\/\/www.novotelphuket.com\/fr\/restaurantsbars\/in-room-dining\/#breadcrumb","itemListElement":[{"@type":"ListItem","position":1,"name":"Accueil","item":"https:\/\/www.novotelphuket.com\/fr\/"},{"@type":"ListItem","position":2,"name":"RESTAURANTS &#038; BARS","item":"https:\/\/www.novotelphuket.com\/fr\/restaurantsbars\/"},{"@type":"ListItem","position":3,"name":"In-room dining"}]},{"@type":"WebSite","@id":"https:\/\/www.novotelphuket.com\/#website","url":"https:\/\/www.novotelphuket.com\/","name":"Novotel Phuket Resort","description":"","potentialAction":[{"@type":"SearchAction","target":{"@type":"EntryPoint","urlTemplate":"https:\/\/www.novotelphuket.com\/?s={search_term_string}"},"query-input":{"@type":"PropertyValueSpecification","valueRequired":true,"valueName":"search_term_string"}}],"inLanguage":"fr-FR"}]}},"_links":{"self":[{"href":"https:\/\/www.novotelphuket.com\/fr\/wp-json\/wp\/v2\/pages\/578","targetHints":{"allow":["GET"]}}],"collection":[{"href":"https:\/\/www.novotelphuket.com\/fr\/wp-json\/wp\/v2\/pages"}],"about":[{"href":"https:\/\/www.novotelphuket.com\/fr\/wp-json\/wp\/v2\/types\/page"}],"author":[{"embeddable":true,"href":"https:\/\/www.novotelphuket.com\/fr\/wp-json\/wp\/v2\/users\/30"}],"replies":[{"embeddable":true,"href":"https:\/\/www.novotelphuket.com\/fr\/wp-json\/wp\/v2\/comments?post=578"}],"version-history":[{"count":0,"href":"https:\/\/www.novotelphuket.com\/fr\/wp-json\/wp\/v2\/pages\/578\/revisions"}],"up":[{"embeddable":true,"href":"https:\/\/www.novotelphuket.com\/fr\/wp-json\/wp\/v2\/pages\/554"}],"wp:attachment":[{"href":"https:\/\/www.novotelphuket.com\/fr\/wp-json\/wp\/v2\/media?parent=578"}],"wp:term":[{"taxonomy":"category","embeddable":true,"href":"https:\/\/www.novotelphuket.com\/fr\/wp-json\/wp\/v2\/categories?post=578"}],"curies":[{"name":"wp","href":"https:\/\/api.w.org\/{rel}","templated":true}]}}