{"id":614,"date":"2026-01-26T02:43:37","date_gmt":"2026-01-26T02:43:37","guid":{"rendered":"https:\/\/novotelphuketresort.accorv2prod2.decms.eu\/family-friendly-resort-in-phuket\/"},"modified":"2026-03-31T08:37:54","modified_gmt":"2026-03-31T08:37:54","slug":"family-friendly-resort-in-phuket","status":"publish","type":"page","link":"https:\/\/www.novotelphuket.com\/fr\/family-friendly-resort-in-phuket\/","title":{"rendered":"Resort familial \u00e0 Phuket"},"content":{"rendered":"<p>Les enfants de moins de 16 ans s\u00e9journent gratuitement !<br \/>\nD\u00e9couvrez le resort familial par excellence \u00e0 Phuket au Novotel Phuket Resort, offrant de superbes vues sur la mer et une piscine \u00e0 trois niveaux. Situ\u00e9 \u00e0 quelques pas de la plage de Patong, notre resort propose des vacances en famille sans stress, avec des chambres spacieuses, des activit\u00e9s ludiques pour les enfants et d\u2019excellents \u00e9quipements pour une escapade familiale parfaite.<\/p>\n","protected":false},"excerpt":{"rendered":"<p>Les enfants de moins de 16 ans s\u00e9journent gratuitement ! D\u00e9couvrez le resort familial par excellence \u00e0 Phuket au Novotel Phuket Resort, offrant de superbes vues sur la mer et une piscine \u00e0 trois niveaux. Situ\u00e9 \u00e0 quelques pas de la plage de Patong, notre resort propose des vacances en famille sans stress, avec des [&hellip;]<\/p>\n","protected":false},"author":30,"featured_media":0,"parent":0,"menu_order":0,"comment_status":"closed","ping_status":"closed","template":"","meta":{"footnotes":""},"categories":[],"class_list":["post-614","page","type-page","status-publish","hentry"],"acf":[],"yoast_head":"<!-- This site is optimized with the Yoast SEO plugin v26.9 - https:\/\/yoast.com\/product\/yoast-seo-wordpress\/ -->\n<title>Resort familial \u00e0 Phuket, Novotel Phuket Resort<\/title>\n<meta name=\"description\" content=\"Le Novotel Phuket est un resort familial offrant des chambres spacieuses, des activit\u00e9s pour enfants, un environnement s\u00fbr et des exp\u00e9riences amusantes pour tous les \u00e2ges.\" \/>\n<meta name=\"robots\" content=\"index, follow, max-snippet:-1, max-image-preview:large, max-video-preview:-1\" \/>\n<link rel=\"canonical\" href=\"https:\/\/www.novotelphuket.com\/fr\/family-friendly-resort-in-phuket\/\" \/>\n<meta property=\"og:locale\" content=\"fr_FR\" \/>\n<meta property=\"og:type\" content=\"article\" \/>\n<meta property=\"og:title\" content=\"Resort familial \u00e0 Phuket, Novotel Phuket Resort\" \/>\n<meta property=\"og:description\" content=\"Le Novotel Phuket est un resort familial offrant des chambres spacieuses, des activit\u00e9s pour enfants, un environnement s\u00fbr et des exp\u00e9riences amusantes pour tous les \u00e2ges.\" \/>\n<meta property=\"og:url\" content=\"https:\/\/www.novotelphuket.com\/fr\/family-friendly-resort-in-phuket\/\" \/>\n<meta property=\"og:site_name\" content=\"Novotel Phuket Resort\" \/>\n<meta property=\"article:modified_time\" content=\"2026-03-31T08:37:54+00:00\" \/>\n<meta name=\"twitter:card\" content=\"summary_large_image\" \/>\n<meta name=\"twitter:label1\" content=\"Est. reading time\" \/>\n\t<meta name=\"twitter:data1\" content=\"1 minute\" \/>\n<script type=\"application\/ld+json\" class=\"yoast-schema-graph\">{\"@context\":\"https:\/\/schema.org\",\"@graph\":[{\"@type\":\"WebPage\",\"@id\":\"https:\/\/www.novotelphuket.com\/fr\/family-friendly-resort-in-phuket\/\",\"url\":\"https:\/\/www.novotelphuket.com\/fr\/family-friendly-resort-in-phuket\/\",\"name\":\"Resort familial \u00e0 Phuket, Novotel Phuket Resort\",\"isPartOf\":{\"@id\":\"https:\/\/www.novotelphuket.com\/#website\"},\"datePublished\":\"2026-01-26T02:43:37+00:00\",\"dateModified\":\"2026-03-31T08:37:54+00:00\",\"description\":\"Le Novotel Phuket est un resort familial offrant des chambres spacieuses, des activit\u00e9s pour enfants, un environnement s\u00fbr et des exp\u00e9riences amusantes pour tous les \u00e2ges.\",\"breadcrumb\":{\"@id\":\"https:\/\/www.novotelphuket.com\/fr\/family-friendly-resort-in-phuket\/#breadcrumb\"},\"inLanguage\":\"fr-FR\",\"potentialAction\":[{\"@type\":\"ReadAction\",\"target\":[\"https:\/\/www.novotelphuket.com\/fr\/family-friendly-resort-in-phuket\/\"]}]},{\"@type\":\"BreadcrumbList\",\"@id\":\"https:\/\/www.novotelphuket.com\/fr\/family-friendly-resort-in-phuket\/#breadcrumb\",\"itemListElement\":[{\"@type\":\"ListItem\",\"position\":1,\"name\":\"Accueil\",\"item\":\"https:\/\/www.novotelphuket.com\/fr\/\"},{\"@type\":\"ListItem\",\"position\":2,\"name\":\"Resort familial \u00e0 Phuket\"}]},{\"@type\":\"WebSite\",\"@id\":\"https:\/\/www.novotelphuket.com\/#website\",\"url\":\"https:\/\/www.novotelphuket.com\/\",\"name\":\"Novotel Phuket Resort\",\"description\":\"\",\"potentialAction\":[{\"@type\":\"SearchAction\",\"target\":{\"@type\":\"EntryPoint\",\"urlTemplate\":\"https:\/\/www.novotelphuket.com\/?s={search_term_string}\"},\"query-input\":{\"@type\":\"PropertyValueSpecification\",\"valueRequired\":true,\"valueName\":\"search_term_string\"}}],\"inLanguage\":\"fr-FR\"}]}<\/script>\n<!-- \/ Yoast SEO plugin. -->","yoast_head_json":{"title":"Resort familial \u00e0 Phuket, Novotel Phuket Resort","description":"Le Novotel Phuket est un resort familial offrant des chambres spacieuses, des activit\u00e9s pour enfants, un environnement s\u00fbr et des exp\u00e9riences amusantes pour tous les \u00e2ges.","robots":{"index":"index","follow":"follow","max-snippet":"max-snippet:-1","max-image-preview":"max-image-preview:large","max-video-preview":"max-video-preview:-1"},"canonical":"https:\/\/www.novotelphuket.com\/fr\/family-friendly-resort-in-phuket\/","og_locale":"fr_FR","og_type":"article","og_title":"Resort familial \u00e0 Phuket, Novotel Phuket Resort","og_description":"Le Novotel Phuket est un resort familial offrant des chambres spacieuses, des activit\u00e9s pour enfants, un environnement s\u00fbr et des exp\u00e9riences amusantes pour tous les \u00e2ges.","og_url":"https:\/\/www.novotelphuket.com\/fr\/family-friendly-resort-in-phuket\/","og_site_name":"Novotel Phuket Resort","article_modified_time":"2026-03-31T08:37:54+00:00","twitter_card":"summary_large_image","twitter_misc":{"Est. reading time":"1 minute"},"schema":{"@context":"https:\/\/schema.org","@graph":[{"@type":"WebPage","@id":"https:\/\/www.novotelphuket.com\/fr\/family-friendly-resort-in-phuket\/","url":"https:\/\/www.novotelphuket.com\/fr\/family-friendly-resort-in-phuket\/","name":"Resort familial \u00e0 Phuket, Novotel Phuket Resort","isPartOf":{"@id":"https:\/\/www.novotelphuket.com\/#website"},"datePublished":"2026-01-26T02:43:37+00:00","dateModified":"2026-03-31T08:37:54+00:00","description":"Le Novotel Phuket est un resort familial offrant des chambres spacieuses, des activit\u00e9s pour enfants, un environnement s\u00fbr et des exp\u00e9riences amusantes pour tous les \u00e2ges.","breadcrumb":{"@id":"https:\/\/www.novotelphuket.com\/fr\/family-friendly-resort-in-phuket\/#breadcrumb"},"inLanguage":"fr-FR","potentialAction":[{"@type":"ReadAction","target":["https:\/\/www.novotelphuket.com\/fr\/family-friendly-resort-in-phuket\/"]}]},{"@type":"BreadcrumbList","@id":"https:\/\/www.novotelphuket.com\/fr\/family-friendly-resort-in-phuket\/#breadcrumb","itemListElement":[{"@type":"ListItem","position":1,"name":"Accueil","item":"https:\/\/www.novotelphuket.com\/fr\/"},{"@type":"ListItem","position":2,"name":"Resort familial \u00e0 Phuket"}]},{"@type":"WebSite","@id":"https:\/\/www.novotelphuket.com\/#website","url":"https:\/\/www.novotelphuket.com\/","name":"Novotel Phuket Resort","description":"","potentialAction":[{"@type":"SearchAction","target":{"@type":"EntryPoint","urlTemplate":"https:\/\/www.novotelphuket.com\/?s={search_term_string}"},"query-input":{"@type":"PropertyValueSpecification","valueRequired":true,"valueName":"search_term_string"}}],"inLanguage":"fr-FR"}]}},"_links":{"self":[{"href":"https:\/\/www.novotelphuket.com\/fr\/wp-json\/wp\/v2\/pages\/614","targetHints":{"allow":["GET"]}}],"collection":[{"href":"https:\/\/www.novotelphuket.com\/fr\/wp-json\/wp\/v2\/pages"}],"about":[{"href":"https:\/\/www.novotelphuket.com\/fr\/wp-json\/wp\/v2\/types\/page"}],"author":[{"embeddable":true,"href":"https:\/\/www.novotelphuket.com\/fr\/wp-json\/wp\/v2\/users\/30"}],"replies":[{"embeddable":true,"href":"https:\/\/www.novotelphuket.com\/fr\/wp-json\/wp\/v2\/comments?post=614"}],"version-history":[{"count":0,"href":"https:\/\/www.novotelphuket.com\/fr\/wp-json\/wp\/v2\/pages\/614\/revisions"}],"wp:attachment":[{"href":"https:\/\/www.novotelphuket.com\/fr\/wp-json\/wp\/v2\/media?parent=614"}],"wp:term":[{"taxonomy":"category","embeddable":true,"href":"https:\/\/www.novotelphuket.com\/fr\/wp-json\/wp\/v2\/categories?post=614"}],"curies":[{"name":"wp","href":"https:\/\/api.w.org\/{rel}","templated":true}]}}