{"id":626,"date":"2026-01-12T06:38:18","date_gmt":"2026-01-12T06:38:18","guid":{"rendered":"https:\/\/novotelphuketresort.accorv2prod2.decms.eu\/special-offers\/"},"modified":"2026-04-29T02:25:56","modified_gmt":"2026-04-29T02:25:56","slug":"special-offers","status":"publish","type":"page","link":"https:\/\/www.novotelphuket.com\/fr\/special-offers\/","title":{"rendered":"Offres"},"content":{"rendered":"<p>Explorez une s\u00e9lection de packages sp\u00e9ciaux pens\u00e9s pour enrichir chaque moment de votre s\u00e9jour. Des escapades relaxantes aux aventures en famille, profitez d\u2019avantages suppl\u00e9mentaires, d\u2019exp\u00e9riences uniques et d\u2019une valeur exceptionnelle, sp\u00e9cialement pr\u00e9par\u00e9s pour vous.<\/p>\n","protected":false},"excerpt":{"rendered":"<p>Explorez une s\u00e9lection de packages sp\u00e9ciaux pens\u00e9s pour enrichir chaque moment de votre s\u00e9jour. Des escapades relaxantes aux aventures en famille, profitez d\u2019avantages suppl\u00e9mentaires, d\u2019exp\u00e9riences uniques et d\u2019une valeur exceptionnelle, sp\u00e9cialement pr\u00e9par\u00e9s pour vous.<\/p>\n","protected":false},"author":30,"featured_media":0,"parent":0,"menu_order":0,"comment_status":"closed","ping_status":"closed","template":"template-special-offers.php","meta":{"footnotes":""},"categories":[],"class_list":["post-626","page","type-page","status-publish","hentry"],"acf":[],"yoast_head":"<!-- This site is optimized with the Yoast SEO plugin v26.9 - https:\/\/yoast.com\/product\/yoast-seo-wordpress\/ -->\n<title>Offres d\u2019h\u00f4tel \u00e0 Phuket | Offres Sp\u00e9ciales Novotel Phuket Resort<\/title>\n<meta name=\"description\" content=\"D\u00e9couvrez les offres d\u2019h\u00f4tel \u00e0 Phuket au Novotel Phuket Resort avec des promotions sp\u00e9ciales, des tarifs attractifs et des avantages exclusifs. R\u00e9servez maintenant pour profiter du meilleur rapport qualit\u00e9-prix.\" \/>\n<meta name=\"robots\" content=\"index, follow, max-snippet:-1, max-image-preview:large, max-video-preview:-1\" \/>\n<link rel=\"canonical\" href=\"https:\/\/www.novotelphuket.com\/fr\/special-offers\/\" \/>\n<meta property=\"og:locale\" content=\"fr_FR\" \/>\n<meta property=\"og:type\" content=\"article\" \/>\n<meta property=\"og:title\" content=\"Offres d\u2019h\u00f4tel \u00e0 Phuket | Offres Sp\u00e9ciales Novotel Phuket Resort\" \/>\n<meta property=\"og:description\" content=\"D\u00e9couvrez les offres d\u2019h\u00f4tel \u00e0 Phuket au Novotel Phuket Resort avec des promotions sp\u00e9ciales, des tarifs attractifs et des avantages exclusifs. R\u00e9servez maintenant pour profiter du meilleur rapport qualit\u00e9-prix.\" \/>\n<meta property=\"og:url\" content=\"https:\/\/www.novotelphuket.com\/fr\/special-offers\/\" \/>\n<meta property=\"og:site_name\" content=\"Novotel Phuket Resort\" \/>\n<meta property=\"article:modified_time\" content=\"2026-04-29T02:25:56+00:00\" \/>\n<meta name=\"twitter:card\" content=\"summary_large_image\" \/>\n<meta name=\"twitter:label1\" content=\"Est. reading time\" \/>\n\t<meta name=\"twitter:data1\" content=\"1 minute\" \/>\n<script type=\"application\/ld+json\" class=\"yoast-schema-graph\">{\"@context\":\"https:\/\/schema.org\",\"@graph\":[{\"@type\":\"WebPage\",\"@id\":\"https:\/\/www.novotelphuket.com\/fr\/special-offers\/\",\"url\":\"https:\/\/www.novotelphuket.com\/fr\/special-offers\/\",\"name\":\"Offres d\u2019h\u00f4tel \u00e0 Phuket | Offres Sp\u00e9ciales Novotel Phuket Resort\",\"isPartOf\":{\"@id\":\"https:\/\/www.novotelphuket.com\/#website\"},\"datePublished\":\"2026-01-12T06:38:18+00:00\",\"dateModified\":\"2026-04-29T02:25:56+00:00\",\"description\":\"D\u00e9couvrez les offres d\u2019h\u00f4tel \u00e0 Phuket au Novotel Phuket Resort avec des promotions sp\u00e9ciales, des tarifs attractifs et des avantages exclusifs. R\u00e9servez maintenant pour profiter du meilleur rapport qualit\u00e9-prix.\",\"breadcrumb\":{\"@id\":\"https:\/\/www.novotelphuket.com\/fr\/special-offers\/#breadcrumb\"},\"inLanguage\":\"fr-FR\",\"potentialAction\":[{\"@type\":\"ReadAction\",\"target\":[\"https:\/\/www.novotelphuket.com\/fr\/special-offers\/\"]}]},{\"@type\":\"BreadcrumbList\",\"@id\":\"https:\/\/www.novotelphuket.com\/fr\/special-offers\/#breadcrumb\",\"itemListElement\":[{\"@type\":\"ListItem\",\"position\":1,\"name\":\"Accueil\",\"item\":\"https:\/\/www.novotelphuket.com\/fr\/\"},{\"@type\":\"ListItem\",\"position\":2,\"name\":\"Offres\"}]},{\"@type\":\"WebSite\",\"@id\":\"https:\/\/www.novotelphuket.com\/#website\",\"url\":\"https:\/\/www.novotelphuket.com\/\",\"name\":\"Novotel Phuket Resort\",\"description\":\"\",\"potentialAction\":[{\"@type\":\"SearchAction\",\"target\":{\"@type\":\"EntryPoint\",\"urlTemplate\":\"https:\/\/www.novotelphuket.com\/?s={search_term_string}\"},\"query-input\":{\"@type\":\"PropertyValueSpecification\",\"valueRequired\":true,\"valueName\":\"search_term_string\"}}],\"inLanguage\":\"fr-FR\"}]}<\/script>\n<!-- \/ Yoast SEO plugin. -->","yoast_head_json":{"title":"Offres d\u2019h\u00f4tel \u00e0 Phuket | Offres Sp\u00e9ciales Novotel Phuket Resort","description":"D\u00e9couvrez les offres d\u2019h\u00f4tel \u00e0 Phuket au Novotel Phuket Resort avec des promotions sp\u00e9ciales, des tarifs attractifs et des avantages exclusifs. R\u00e9servez maintenant pour profiter du meilleur rapport qualit\u00e9-prix.","robots":{"index":"index","follow":"follow","max-snippet":"max-snippet:-1","max-image-preview":"max-image-preview:large","max-video-preview":"max-video-preview:-1"},"canonical":"https:\/\/www.novotelphuket.com\/fr\/special-offers\/","og_locale":"fr_FR","og_type":"article","og_title":"Offres d\u2019h\u00f4tel \u00e0 Phuket | Offres Sp\u00e9ciales Novotel Phuket Resort","og_description":"D\u00e9couvrez les offres d\u2019h\u00f4tel \u00e0 Phuket au Novotel Phuket Resort avec des promotions sp\u00e9ciales, des tarifs attractifs et des avantages exclusifs. R\u00e9servez maintenant pour profiter du meilleur rapport qualit\u00e9-prix.","og_url":"https:\/\/www.novotelphuket.com\/fr\/special-offers\/","og_site_name":"Novotel Phuket Resort","article_modified_time":"2026-04-29T02:25:56+00:00","twitter_card":"summary_large_image","twitter_misc":{"Est. reading time":"1 minute"},"schema":{"@context":"https:\/\/schema.org","@graph":[{"@type":"WebPage","@id":"https:\/\/www.novotelphuket.com\/fr\/special-offers\/","url":"https:\/\/www.novotelphuket.com\/fr\/special-offers\/","name":"Offres d\u2019h\u00f4tel \u00e0 Phuket | Offres Sp\u00e9ciales Novotel Phuket Resort","isPartOf":{"@id":"https:\/\/www.novotelphuket.com\/#website"},"datePublished":"2026-01-12T06:38:18+00:00","dateModified":"2026-04-29T02:25:56+00:00","description":"D\u00e9couvrez les offres d\u2019h\u00f4tel \u00e0 Phuket au Novotel Phuket Resort avec des promotions sp\u00e9ciales, des tarifs attractifs et des avantages exclusifs. R\u00e9servez maintenant pour profiter du meilleur rapport qualit\u00e9-prix.","breadcrumb":{"@id":"https:\/\/www.novotelphuket.com\/fr\/special-offers\/#breadcrumb"},"inLanguage":"fr-FR","potentialAction":[{"@type":"ReadAction","target":["https:\/\/www.novotelphuket.com\/fr\/special-offers\/"]}]},{"@type":"BreadcrumbList","@id":"https:\/\/www.novotelphuket.com\/fr\/special-offers\/#breadcrumb","itemListElement":[{"@type":"ListItem","position":1,"name":"Accueil","item":"https:\/\/www.novotelphuket.com\/fr\/"},{"@type":"ListItem","position":2,"name":"Offres"}]},{"@type":"WebSite","@id":"https:\/\/www.novotelphuket.com\/#website","url":"https:\/\/www.novotelphuket.com\/","name":"Novotel Phuket Resort","description":"","potentialAction":[{"@type":"SearchAction","target":{"@type":"EntryPoint","urlTemplate":"https:\/\/www.novotelphuket.com\/?s={search_term_string}"},"query-input":{"@type":"PropertyValueSpecification","valueRequired":true,"valueName":"search_term_string"}}],"inLanguage":"fr-FR"}]}},"_links":{"self":[{"href":"https:\/\/www.novotelphuket.com\/fr\/wp-json\/wp\/v2\/pages\/626","targetHints":{"allow":["GET"]}}],"collection":[{"href":"https:\/\/www.novotelphuket.com\/fr\/wp-json\/wp\/v2\/pages"}],"about":[{"href":"https:\/\/www.novotelphuket.com\/fr\/wp-json\/wp\/v2\/types\/page"}],"author":[{"embeddable":true,"href":"https:\/\/www.novotelphuket.com\/fr\/wp-json\/wp\/v2\/users\/30"}],"replies":[{"embeddable":true,"href":"https:\/\/www.novotelphuket.com\/fr\/wp-json\/wp\/v2\/comments?post=626"}],"version-history":[{"count":0,"href":"https:\/\/www.novotelphuket.com\/fr\/wp-json\/wp\/v2\/pages\/626\/revisions"}],"wp:attachment":[{"href":"https:\/\/www.novotelphuket.com\/fr\/wp-json\/wp\/v2\/media?parent=626"}],"wp:term":[{"taxonomy":"category","embeddable":true,"href":"https:\/\/www.novotelphuket.com\/fr\/wp-json\/wp\/v2\/categories?post=626"}],"curies":[{"name":"wp","href":"https:\/\/api.w.org\/{rel}","templated":true}]}}