{"id":631,"date":"2026-01-12T07:36:39","date_gmt":"2026-01-12T07:36:39","guid":{"rendered":"https:\/\/novotelphuketresort.accorv2prod2.decms.eu\/about-us\/"},"modified":"2026-04-29T02:24:41","modified_gmt":"2026-04-29T02:24:41","slug":"about-us","status":"publish","type":"page","link":"https:\/\/www.novotelphuket.com\/fr\/about-us\/","title":{"rendered":"\u00c0 propos de nous"},"content":{"rendered":"<p><strong>COFFEE HOUSE (PETIT D\u00c9JEUNER)<\/strong><br \/>\nOuvert de 6h30 \u00e0 10h30<\/p>\n<p><strong>SERVICE EN CHAMBRE<\/strong><br \/>\nOuvert 24h\/24<\/p>\n<p><strong>PINNACLE SKY BAR (RESTAURANT)<\/strong><br \/>\nIndien \u00b7 Europ\u00e9en \u00b7 Tha\u00ef<br \/>\nOuvert de 11h00 \u00e0 00h00<\/p>\n<p><strong>SKY BAR \u2013 HAPPY HOURS (SUNSET COCKTAIL)<\/strong><br \/>\nOuvert de 17h00 \u00e0 19h00<\/p>\n<p><strong>HERRING BAR \u2013 \u00c0 FUN POOL<\/strong><br \/>\nHappy Hours 15h00 \u2013 17h00<br \/>\nOuvert de 11h00 \u00e0 19h00<\/p>\n<p><strong>V LOUNGE \u2013 LOBBY BAR<\/strong><br \/>\nOuvert de 11h00 \u00e0 00h00<\/p>\n<p><strong>LE SPA &#038; MASSAGE<\/strong><br \/>\nOuvert de 10h00 \u00e0 20h00<\/p>\n<p><strong>PISCINES<\/strong><br \/>\nSky Pool | Tropical Pool | Fun Pool<br \/>\nServiettes disponibles \u00e0 Tropical Pool<br \/>\nOuvert de 7h00 \u00e0 19h00<\/p>\n<p><strong>GYM \u2013 HEALTH CLUB<\/strong><br \/>\n(Acc\u00e8s avec carte de chambre)<br \/>\nOuvert 24h\/24<\/p>\n<p><strong>KID\u2019S WORLD<\/strong><br \/>\nOuvert de 10h00 \u00e0 16h00<\/p>\n<p><strong>TOUR COUNTER<\/strong><br \/>\nOuvert de 7h00 \u00e0 19h00<\/p>\n<p><strong>POUR TOUTE INFORMATION, APPELEZ LA R\u00c9CEPTION<\/strong> : 0<\/p>\n","protected":false},"excerpt":{"rendered":"<p>COFFEE HOUSE (PETIT D\u00c9JEUNER) Ouvert de 6h30 \u00e0 10h30 SERVICE EN CHAMBRE Ouvert 24h\/24 PINNACLE SKY BAR (RESTAURANT) Indien \u00b7 Europ\u00e9en \u00b7 Tha\u00ef Ouvert de 11h00 \u00e0 00h00 SKY BAR \u2013 HAPPY HOURS (SUNSET COCKTAIL) Ouvert de 17h00 \u00e0 19h00 HERRING BAR \u2013 \u00c0 FUN POOL Happy Hours 15h00 \u2013 17h00 Ouvert de 11h00 \u00e0 [&hellip;]<\/p>\n","protected":false},"author":30,"featured_media":0,"parent":0,"menu_order":0,"comment_status":"closed","ping_status":"closed","template":"","meta":{"footnotes":""},"categories":[],"class_list":["post-631","page","type-page","status-publish","hentry"],"acf":[],"yoast_head":"<!-- This site is optimized with the Yoast SEO plugin v26.9 - https:\/\/yoast.com\/product\/yoast-seo-wordpress\/ -->\n<title>Obtenez toutes les informations essentielles sur le Novotel Phuket Resort<\/title>\n<meta name=\"description\" content=\"\u00c0 propos du Novotel Phuket Resort \u2013 d\u00e9couvrez nos derni\u00e8res promotions, nos menus du Sky Bar au spa, nos options v\u00e9g\u00e9tariennes et l\u2019emplacement de l\u2019h\u00f4tel avec ses horaires d\u2019ouverture.\" \/>\n<meta name=\"robots\" content=\"index, follow, max-snippet:-1, max-image-preview:large, max-video-preview:-1\" \/>\n<link rel=\"canonical\" href=\"https:\/\/www.novotelphuket.com\/fr\/about-us\/\" \/>\n<meta property=\"og:locale\" content=\"fr_FR\" \/>\n<meta property=\"og:type\" content=\"article\" \/>\n<meta property=\"og:title\" content=\"Obtenez toutes les informations essentielles sur le Novotel Phuket Resort\" \/>\n<meta property=\"og:description\" content=\"\u00c0 propos du Novotel Phuket Resort \u2013 d\u00e9couvrez nos derni\u00e8res promotions, nos menus du Sky Bar au spa, nos options v\u00e9g\u00e9tariennes et l\u2019emplacement de l\u2019h\u00f4tel avec ses horaires d\u2019ouverture.\" \/>\n<meta property=\"og:url\" content=\"https:\/\/www.novotelphuket.com\/fr\/about-us\/\" \/>\n<meta property=\"og:site_name\" content=\"Novotel Phuket Resort\" \/>\n<meta property=\"article:modified_time\" content=\"2026-04-29T02:24:41+00:00\" \/>\n<meta name=\"twitter:card\" content=\"summary_large_image\" \/>\n<meta name=\"twitter:label1\" content=\"Est. reading time\" \/>\n\t<meta name=\"twitter:data1\" content=\"1 minute\" \/>\n<script type=\"application\/ld+json\" class=\"yoast-schema-graph\">{\"@context\":\"https:\/\/schema.org\",\"@graph\":[{\"@type\":\"WebPage\",\"@id\":\"https:\/\/www.novotelphuket.com\/fr\/about-us\/\",\"url\":\"https:\/\/www.novotelphuket.com\/fr\/about-us\/\",\"name\":\"Obtenez toutes les informations essentielles sur le Novotel Phuket Resort\",\"isPartOf\":{\"@id\":\"https:\/\/www.novotelphuket.com\/#website\"},\"datePublished\":\"2026-01-12T07:36:39+00:00\",\"dateModified\":\"2026-04-29T02:24:41+00:00\",\"description\":\"\u00c0 propos du Novotel Phuket Resort \u2013 d\u00e9couvrez nos derni\u00e8res promotions, nos menus du Sky Bar au spa, nos options v\u00e9g\u00e9tariennes et l\u2019emplacement de l\u2019h\u00f4tel avec ses horaires d\u2019ouverture.\",\"breadcrumb\":{\"@id\":\"https:\/\/www.novotelphuket.com\/fr\/about-us\/#breadcrumb\"},\"inLanguage\":\"fr-FR\",\"potentialAction\":[{\"@type\":\"ReadAction\",\"target\":[\"https:\/\/www.novotelphuket.com\/fr\/about-us\/\"]}]},{\"@type\":\"BreadcrumbList\",\"@id\":\"https:\/\/www.novotelphuket.com\/fr\/about-us\/#breadcrumb\",\"itemListElement\":[{\"@type\":\"ListItem\",\"position\":1,\"name\":\"Accueil\",\"item\":\"https:\/\/www.novotelphuket.com\/fr\/\"},{\"@type\":\"ListItem\",\"position\":2,\"name\":\"\u00c0 propos de nous\"}]},{\"@type\":\"WebSite\",\"@id\":\"https:\/\/www.novotelphuket.com\/#website\",\"url\":\"https:\/\/www.novotelphuket.com\/\",\"name\":\"Novotel Phuket Resort\",\"description\":\"\",\"potentialAction\":[{\"@type\":\"SearchAction\",\"target\":{\"@type\":\"EntryPoint\",\"urlTemplate\":\"https:\/\/www.novotelphuket.com\/?s={search_term_string}\"},\"query-input\":{\"@type\":\"PropertyValueSpecification\",\"valueRequired\":true,\"valueName\":\"search_term_string\"}}],\"inLanguage\":\"fr-FR\"}]}<\/script>\n<!-- \/ Yoast SEO plugin. -->","yoast_head_json":{"title":"Obtenez toutes les informations essentielles sur le Novotel Phuket Resort","description":"\u00c0 propos du Novotel Phuket Resort \u2013 d\u00e9couvrez nos derni\u00e8res promotions, nos menus du Sky Bar au spa, nos options v\u00e9g\u00e9tariennes et l\u2019emplacement de l\u2019h\u00f4tel avec ses horaires d\u2019ouverture.","robots":{"index":"index","follow":"follow","max-snippet":"max-snippet:-1","max-image-preview":"max-image-preview:large","max-video-preview":"max-video-preview:-1"},"canonical":"https:\/\/www.novotelphuket.com\/fr\/about-us\/","og_locale":"fr_FR","og_type":"article","og_title":"Obtenez toutes les informations essentielles sur le Novotel Phuket Resort","og_description":"\u00c0 propos du Novotel Phuket Resort \u2013 d\u00e9couvrez nos derni\u00e8res promotions, nos menus du Sky Bar au spa, nos options v\u00e9g\u00e9tariennes et l\u2019emplacement de l\u2019h\u00f4tel avec ses horaires d\u2019ouverture.","og_url":"https:\/\/www.novotelphuket.com\/fr\/about-us\/","og_site_name":"Novotel Phuket Resort","article_modified_time":"2026-04-29T02:24:41+00:00","twitter_card":"summary_large_image","twitter_misc":{"Est. reading time":"1 minute"},"schema":{"@context":"https:\/\/schema.org","@graph":[{"@type":"WebPage","@id":"https:\/\/www.novotelphuket.com\/fr\/about-us\/","url":"https:\/\/www.novotelphuket.com\/fr\/about-us\/","name":"Obtenez toutes les informations essentielles sur le Novotel Phuket Resort","isPartOf":{"@id":"https:\/\/www.novotelphuket.com\/#website"},"datePublished":"2026-01-12T07:36:39+00:00","dateModified":"2026-04-29T02:24:41+00:00","description":"\u00c0 propos du Novotel Phuket Resort \u2013 d\u00e9couvrez nos derni\u00e8res promotions, nos menus du Sky Bar au spa, nos options v\u00e9g\u00e9tariennes et l\u2019emplacement de l\u2019h\u00f4tel avec ses horaires d\u2019ouverture.","breadcrumb":{"@id":"https:\/\/www.novotelphuket.com\/fr\/about-us\/#breadcrumb"},"inLanguage":"fr-FR","potentialAction":[{"@type":"ReadAction","target":["https:\/\/www.novotelphuket.com\/fr\/about-us\/"]}]},{"@type":"BreadcrumbList","@id":"https:\/\/www.novotelphuket.com\/fr\/about-us\/#breadcrumb","itemListElement":[{"@type":"ListItem","position":1,"name":"Accueil","item":"https:\/\/www.novotelphuket.com\/fr\/"},{"@type":"ListItem","position":2,"name":"\u00c0 propos de nous"}]},{"@type":"WebSite","@id":"https:\/\/www.novotelphuket.com\/#website","url":"https:\/\/www.novotelphuket.com\/","name":"Novotel Phuket Resort","description":"","potentialAction":[{"@type":"SearchAction","target":{"@type":"EntryPoint","urlTemplate":"https:\/\/www.novotelphuket.com\/?s={search_term_string}"},"query-input":{"@type":"PropertyValueSpecification","valueRequired":true,"valueName":"search_term_string"}}],"inLanguage":"fr-FR"}]}},"_links":{"self":[{"href":"https:\/\/www.novotelphuket.com\/fr\/wp-json\/wp\/v2\/pages\/631","targetHints":{"allow":["GET"]}}],"collection":[{"href":"https:\/\/www.novotelphuket.com\/fr\/wp-json\/wp\/v2\/pages"}],"about":[{"href":"https:\/\/www.novotelphuket.com\/fr\/wp-json\/wp\/v2\/types\/page"}],"author":[{"embeddable":true,"href":"https:\/\/www.novotelphuket.com\/fr\/wp-json\/wp\/v2\/users\/30"}],"replies":[{"embeddable":true,"href":"https:\/\/www.novotelphuket.com\/fr\/wp-json\/wp\/v2\/comments?post=631"}],"version-history":[{"count":0,"href":"https:\/\/www.novotelphuket.com\/fr\/wp-json\/wp\/v2\/pages\/631\/revisions"}],"wp:attachment":[{"href":"https:\/\/www.novotelphuket.com\/fr\/wp-json\/wp\/v2\/media?parent=631"}],"wp:term":[{"taxonomy":"category","embeddable":true,"href":"https:\/\/www.novotelphuket.com\/fr\/wp-json\/wp\/v2\/categories?post=631"}],"curies":[{"name":"wp","href":"https:\/\/api.w.org\/{rel}","templated":true}]}}