{"id":640,"date":"2026-01-12T07:46:41","date_gmt":"2026-01-12T07:46:41","guid":{"rendered":"https:\/\/novotelphuketresort.accorv2prod2.decms.eu\/spa\/"},"modified":"2026-04-29T03:39:47","modified_gmt":"2026-04-29T03:39:47","slug":"spa","status":"publish","type":"page","link":"https:\/\/www.novotelphuket.com\/fr\/sport-activities\/spa\/","title":{"rendered":"Le Spa"},"content":{"rendered":"<p>Apr\u00e8s une longue journ\u00e9e d\u2019activit\u00e9s excitantes et d\u2019exploration, il n\u2019y a pas de meilleur endroit \u00e0 visiter que Le Spa, le spa de r\u00e9f\u00e9rence \u00e0 Phuket. Le Spa propose une large vari\u00e9t\u00e9 de massages traditionnels offrant plus de services que l\u2019on pourrait attendre d\u2019un spa h\u00f4telier. Patong regorge de lieux et d\u2019exp\u00e9riences fascinants, et les massages traditionnels de notre spa sont parfaits pour se d\u00e9tendre apr\u00e8s une journ\u00e9e \u00e0 la plage. Ces massages apaisants incluent :<\/p>\n<ul>\n<li>Massage Relaxant Phumm Panya<\/li>\n<li>Massage Indien de la T\u00eate<\/li>\n<li>Massage des Pieds Siam<\/li>\n<li>Thai Tharavadee Original<\/li>\n<li>Massage Aromath\u00e9rapie<\/li>\n<li>Massage Su\u00e9dois<\/li>\n<li>Massage Deep Tissue<\/li>\n<li>Compresses aux Herbes<\/li>\n<li>Cours de Thai Boxing pour Enfants<\/li>\n<\/ul>\n<p>Pour une exp\u00e9rience sp\u00e9ciale et m\u00e9morable de bien-\u00eatre corporel, aucun autre spa \u00e0 Patong ne peut \u00e9galer les traitements uniques propos\u00e9s \u00e0 Le Spa. Nos forfaits sont \u00e9labor\u00e9s par nos th\u00e9rapeutes exp\u00e9riment\u00e9s et peuvent \u00eatre personnalis\u00e9s pour r\u00e9pondre \u00e0 des demandes sp\u00e9cifiques ou cibler des zones pr\u00e9cises.<\/p>\n","protected":false},"excerpt":{"rendered":"<p>Apr\u00e8s une longue journ\u00e9e d\u2019activit\u00e9s excitantes et d\u2019exploration, il n\u2019y a pas de meilleur endroit \u00e0 visiter que Le Spa, le spa de r\u00e9f\u00e9rence \u00e0 Phuket. Le Spa propose une large vari\u00e9t\u00e9 de massages traditionnels offrant plus de services que l\u2019on pourrait attendre d\u2019un spa h\u00f4telier. Patong regorge de lieux et d\u2019exp\u00e9riences fascinants, et les [&hellip;]<\/p>\n","protected":false},"author":30,"featured_media":0,"parent":662,"menu_order":0,"comment_status":"closed","ping_status":"closed","template":"template-spa.php","meta":{"footnotes":""},"categories":[],"class_list":["post-640","page","type-page","status-publish","hentry"],"acf":[],"yoast_head":"<!-- This site is optimized with the Yoast SEO plugin v26.9 - https:\/\/yoast.com\/product\/yoast-seo-wordpress\/ -->\n<title>Meilleur Spa \u00e0 Patong, Phuket | Spa du Novotel Phuket Resort<\/title>\n<meta name=\"description\" content=\"Le massage r\u00e9compense votre corps de fa\u00e7ons insoup\u00e7onn\u00e9es, am\u00e9liorant votre digestion, augmentant vos globules rouges et favorisant un sommeil r\u00e9parateur.\" \/>\n<meta name=\"robots\" content=\"index, follow, max-snippet:-1, max-image-preview:large, max-video-preview:-1\" \/>\n<link rel=\"canonical\" href=\"https:\/\/www.novotelphuket.com\/fr\/sport-activities\/spa\/\" \/>\n<meta property=\"og:locale\" content=\"fr_FR\" \/>\n<meta property=\"og:type\" content=\"article\" \/>\n<meta property=\"og:title\" content=\"Meilleur Spa \u00e0 Patong, Phuket | Spa du Novotel Phuket Resort\" \/>\n<meta property=\"og:description\" content=\"Le massage r\u00e9compense votre corps de fa\u00e7ons insoup\u00e7onn\u00e9es, am\u00e9liorant votre digestion, augmentant vos globules rouges et favorisant un sommeil r\u00e9parateur.\" \/>\n<meta property=\"og:url\" content=\"https:\/\/www.novotelphuket.com\/fr\/sport-activities\/spa\/\" \/>\n<meta property=\"og:site_name\" content=\"Novotel Phuket Resort\" \/>\n<meta property=\"article:modified_time\" content=\"2026-04-29T03:39:47+00:00\" \/>\n<meta name=\"twitter:card\" content=\"summary_large_image\" \/>\n<meta name=\"twitter:label1\" content=\"Est. reading time\" \/>\n\t<meta name=\"twitter:data1\" content=\"1 minute\" \/>\n<script type=\"application\/ld+json\" class=\"yoast-schema-graph\">{\"@context\":\"https:\/\/schema.org\",\"@graph\":[{\"@type\":\"WebPage\",\"@id\":\"https:\/\/www.novotelphuket.com\/fr\/sport-activities\/spa\/\",\"url\":\"https:\/\/www.novotelphuket.com\/fr\/sport-activities\/spa\/\",\"name\":\"Meilleur Spa \u00e0 Patong, Phuket | Spa du Novotel Phuket Resort\",\"isPartOf\":{\"@id\":\"https:\/\/www.novotelphuket.com\/#website\"},\"datePublished\":\"2026-01-12T07:46:41+00:00\",\"dateModified\":\"2026-04-29T03:39:47+00:00\",\"description\":\"Le massage r\u00e9compense votre corps de fa\u00e7ons insoup\u00e7onn\u00e9es, am\u00e9liorant votre digestion, augmentant vos globules rouges et favorisant un sommeil r\u00e9parateur.\",\"breadcrumb\":{\"@id\":\"https:\/\/www.novotelphuket.com\/fr\/sport-activities\/spa\/#breadcrumb\"},\"inLanguage\":\"fr-FR\",\"potentialAction\":[{\"@type\":\"ReadAction\",\"target\":[\"https:\/\/www.novotelphuket.com\/fr\/sport-activities\/spa\/\"]}]},{\"@type\":\"BreadcrumbList\",\"@id\":\"https:\/\/www.novotelphuket.com\/fr\/sport-activities\/spa\/#breadcrumb\",\"itemListElement\":[{\"@type\":\"ListItem\",\"position\":1,\"name\":\"Accueil\",\"item\":\"https:\/\/www.novotelphuket.com\/fr\/\"},{\"@type\":\"ListItem\",\"position\":2,\"name\":\"Bien-\u00eatre\",\"item\":\"https:\/\/www.novotelphuket.com\/fr\/sport-activities\/\"},{\"@type\":\"ListItem\",\"position\":3,\"name\":\"Le Spa\"}]},{\"@type\":\"WebSite\",\"@id\":\"https:\/\/www.novotelphuket.com\/#website\",\"url\":\"https:\/\/www.novotelphuket.com\/\",\"name\":\"Novotel Phuket Resort\",\"description\":\"\",\"potentialAction\":[{\"@type\":\"SearchAction\",\"target\":{\"@type\":\"EntryPoint\",\"urlTemplate\":\"https:\/\/www.novotelphuket.com\/?s={search_term_string}\"},\"query-input\":{\"@type\":\"PropertyValueSpecification\",\"valueRequired\":true,\"valueName\":\"search_term_string\"}}],\"inLanguage\":\"fr-FR\"}]}<\/script>\n<!-- \/ Yoast SEO plugin. -->","yoast_head_json":{"title":"Meilleur Spa \u00e0 Patong, Phuket | Spa du Novotel Phuket Resort","description":"Le massage r\u00e9compense votre corps de fa\u00e7ons insoup\u00e7onn\u00e9es, am\u00e9liorant votre digestion, augmentant vos globules rouges et favorisant un sommeil r\u00e9parateur.","robots":{"index":"index","follow":"follow","max-snippet":"max-snippet:-1","max-image-preview":"max-image-preview:large","max-video-preview":"max-video-preview:-1"},"canonical":"https:\/\/www.novotelphuket.com\/fr\/sport-activities\/spa\/","og_locale":"fr_FR","og_type":"article","og_title":"Meilleur Spa \u00e0 Patong, Phuket | Spa du Novotel Phuket Resort","og_description":"Le massage r\u00e9compense votre corps de fa\u00e7ons insoup\u00e7onn\u00e9es, am\u00e9liorant votre digestion, augmentant vos globules rouges et favorisant un sommeil r\u00e9parateur.","og_url":"https:\/\/www.novotelphuket.com\/fr\/sport-activities\/spa\/","og_site_name":"Novotel Phuket Resort","article_modified_time":"2026-04-29T03:39:47+00:00","twitter_card":"summary_large_image","twitter_misc":{"Est. reading time":"1 minute"},"schema":{"@context":"https:\/\/schema.org","@graph":[{"@type":"WebPage","@id":"https:\/\/www.novotelphuket.com\/fr\/sport-activities\/spa\/","url":"https:\/\/www.novotelphuket.com\/fr\/sport-activities\/spa\/","name":"Meilleur Spa \u00e0 Patong, Phuket | Spa du Novotel Phuket Resort","isPartOf":{"@id":"https:\/\/www.novotelphuket.com\/#website"},"datePublished":"2026-01-12T07:46:41+00:00","dateModified":"2026-04-29T03:39:47+00:00","description":"Le massage r\u00e9compense votre corps de fa\u00e7ons insoup\u00e7onn\u00e9es, am\u00e9liorant votre digestion, augmentant vos globules rouges et favorisant un sommeil r\u00e9parateur.","breadcrumb":{"@id":"https:\/\/www.novotelphuket.com\/fr\/sport-activities\/spa\/#breadcrumb"},"inLanguage":"fr-FR","potentialAction":[{"@type":"ReadAction","target":["https:\/\/www.novotelphuket.com\/fr\/sport-activities\/spa\/"]}]},{"@type":"BreadcrumbList","@id":"https:\/\/www.novotelphuket.com\/fr\/sport-activities\/spa\/#breadcrumb","itemListElement":[{"@type":"ListItem","position":1,"name":"Accueil","item":"https:\/\/www.novotelphuket.com\/fr\/"},{"@type":"ListItem","position":2,"name":"Bien-\u00eatre","item":"https:\/\/www.novotelphuket.com\/fr\/sport-activities\/"},{"@type":"ListItem","position":3,"name":"Le Spa"}]},{"@type":"WebSite","@id":"https:\/\/www.novotelphuket.com\/#website","url":"https:\/\/www.novotelphuket.com\/","name":"Novotel Phuket Resort","description":"","potentialAction":[{"@type":"SearchAction","target":{"@type":"EntryPoint","urlTemplate":"https:\/\/www.novotelphuket.com\/?s={search_term_string}"},"query-input":{"@type":"PropertyValueSpecification","valueRequired":true,"valueName":"search_term_string"}}],"inLanguage":"fr-FR"}]}},"_links":{"self":[{"href":"https:\/\/www.novotelphuket.com\/fr\/wp-json\/wp\/v2\/pages\/640","targetHints":{"allow":["GET"]}}],"collection":[{"href":"https:\/\/www.novotelphuket.com\/fr\/wp-json\/wp\/v2\/pages"}],"about":[{"href":"https:\/\/www.novotelphuket.com\/fr\/wp-json\/wp\/v2\/types\/page"}],"author":[{"embeddable":true,"href":"https:\/\/www.novotelphuket.com\/fr\/wp-json\/wp\/v2\/users\/30"}],"replies":[{"embeddable":true,"href":"https:\/\/www.novotelphuket.com\/fr\/wp-json\/wp\/v2\/comments?post=640"}],"version-history":[{"count":0,"href":"https:\/\/www.novotelphuket.com\/fr\/wp-json\/wp\/v2\/pages\/640\/revisions"}],"up":[{"embeddable":true,"href":"https:\/\/www.novotelphuket.com\/fr\/wp-json\/wp\/v2\/pages\/662"}],"wp:attachment":[{"href":"https:\/\/www.novotelphuket.com\/fr\/wp-json\/wp\/v2\/media?parent=640"}],"wp:term":[{"taxonomy":"category","embeddable":true,"href":"https:\/\/www.novotelphuket.com\/fr\/wp-json\/wp\/v2\/categories?post=640"}],"curies":[{"name":"wp","href":"https:\/\/api.w.org\/{rel}","templated":true}]}}