{"id":648,"date":"2026-01-12T07:53:51","date_gmt":"2026-01-12T07:53:51","guid":{"rendered":"https:\/\/novotelphuketresort.accorv2prod2.decms.eu\/hair-spa\/"},"modified":"2026-04-01T08:19:26","modified_gmt":"2026-04-01T08:19:26","slug":"hair-spa","status":"publish","type":"page","link":"https:\/\/www.novotelphuket.com\/fr\/sport-activities\/hair-spa\/","title":{"rendered":"Spa Capillaire"},"content":{"rendered":"<p>Offrez-vous une exp\u00e9rience profond\u00e9ment revitalisante au Hair Spa de Le Spa, o\u00f9 des soins professionnels nourrissent et redonnent vie \u00e0 vos cheveux. Nos services restaurent brillance, force et vitalit\u00e9 tout en offrant une v\u00e9ritable d\u00e9tente face au stress quotidien. Profitez de soins capillaires et de relaxation que vous m\u00e9ritez vraiment.<\/p>\n<p>Pourquoi choisir Le Spa pour vos soins capillaires ?<\/p>\n<p>Professionnels exp\u00e9riment\u00e9s : nos th\u00e9rapeutes ma\u00eetrisent les derni\u00e8res techniques de soin capillaire.<\/p>\n<p>Soins capillaires haut de gamme : produits de qualit\u00e9 pour restaurer hydratation, force et brillance.<\/p>\n<p>Ambiance relaxante : environnement paisible et luxueux pour un confort optimal.<\/p>\n<p>Services personnalis\u00e9s : soins adapt\u00e9s \u00e0 vos besoins, pour une exp\u00e9rience relaxante et revitalisante.<\/p>\n<p>Nos traitements favorisent \u00e9galement la sant\u00e9 capillaire \u00e0 long terme, pour des r\u00e9sultats durables.<\/p>\n","protected":false},"excerpt":{"rendered":"<p>Offrez-vous une exp\u00e9rience profond\u00e9ment revitalisante au Hair Spa de Le Spa, o\u00f9 des soins professionnels nourrissent et redonnent vie \u00e0 vos cheveux. Nos services restaurent brillance, force et vitalit\u00e9 tout en offrant une v\u00e9ritable d\u00e9tente face au stress quotidien. Profitez de soins capillaires et de relaxation que vous m\u00e9ritez vraiment. Pourquoi choisir Le Spa pour [&hellip;]<\/p>\n","protected":false},"author":4,"featured_media":0,"parent":662,"menu_order":1,"comment_status":"closed","ping_status":"closed","template":"template-spa.php","meta":{"footnotes":""},"categories":[],"class_list":["post-648","page","type-page","status-publish","hentry"],"acf":[],"yoast_head":"<!-- This site is optimized with the Yoast SEO plugin v26.9 - https:\/\/yoast.com\/product\/yoast-seo-wordpress\/ -->\n<title>Hair Spa au Le Spa du Novotel Phuket Resort avec des soins nourrissants<\/title>\n<meta name=\"description\" content=\"Chouchoutez vos cheveux au Hair Spa du Novotel Phuket avec des soins nourrissants, un accompagnement professionnel et une exp\u00e9rience salon relaxante sur la colline.\" \/>\n<meta name=\"robots\" content=\"index, follow, max-snippet:-1, max-image-preview:large, max-video-preview:-1\" \/>\n<link rel=\"canonical\" href=\"https:\/\/www.novotelphuket.com\/fr\/sport-activities\/hair-spa\/\" \/>\n<meta property=\"og:locale\" content=\"fr_FR\" \/>\n<meta property=\"og:type\" content=\"article\" \/>\n<meta property=\"og:title\" content=\"Hair Spa au Le Spa du Novotel Phuket Resort avec des soins nourrissants\" \/>\n<meta property=\"og:description\" content=\"Chouchoutez vos cheveux au Hair Spa du Novotel Phuket avec des soins nourrissants, un accompagnement professionnel et une exp\u00e9rience salon relaxante sur la colline.\" \/>\n<meta property=\"og:url\" content=\"https:\/\/www.novotelphuket.com\/fr\/sport-activities\/hair-spa\/\" \/>\n<meta property=\"og:site_name\" content=\"Novotel Phuket Resort\" \/>\n<meta property=\"article:modified_time\" content=\"2026-04-01T08:19:26+00:00\" \/>\n<meta name=\"twitter:card\" content=\"summary_large_image\" \/>\n<meta name=\"twitter:label1\" content=\"Est. reading time\" \/>\n\t<meta name=\"twitter:data1\" content=\"1 minute\" \/>\n<script type=\"application\/ld+json\" class=\"yoast-schema-graph\">{\"@context\":\"https:\/\/schema.org\",\"@graph\":[{\"@type\":\"WebPage\",\"@id\":\"https:\/\/www.novotelphuket.com\/fr\/sport-activities\/hair-spa\/\",\"url\":\"https:\/\/www.novotelphuket.com\/fr\/sport-activities\/hair-spa\/\",\"name\":\"Hair Spa au Le Spa du Novotel Phuket Resort avec des soins nourrissants\",\"isPartOf\":{\"@id\":\"https:\/\/www.novotelphuket.com\/#website\"},\"datePublished\":\"2026-01-12T07:53:51+00:00\",\"dateModified\":\"2026-04-01T08:19:26+00:00\",\"description\":\"Chouchoutez vos cheveux au Hair Spa du Novotel Phuket avec des soins nourrissants, un accompagnement professionnel et une exp\u00e9rience salon relaxante sur la colline.\",\"breadcrumb\":{\"@id\":\"https:\/\/www.novotelphuket.com\/fr\/sport-activities\/hair-spa\/#breadcrumb\"},\"inLanguage\":\"fr-FR\",\"potentialAction\":[{\"@type\":\"ReadAction\",\"target\":[\"https:\/\/www.novotelphuket.com\/fr\/sport-activities\/hair-spa\/\"]}]},{\"@type\":\"BreadcrumbList\",\"@id\":\"https:\/\/www.novotelphuket.com\/fr\/sport-activities\/hair-spa\/#breadcrumb\",\"itemListElement\":[{\"@type\":\"ListItem\",\"position\":1,\"name\":\"Accueil\",\"item\":\"https:\/\/www.novotelphuket.com\/fr\/\"},{\"@type\":\"ListItem\",\"position\":2,\"name\":\"Bien-\u00eatre\",\"item\":\"https:\/\/www.novotelphuket.com\/fr\/sport-activities\/\"},{\"@type\":\"ListItem\",\"position\":3,\"name\":\"Spa Capillaire\"}]},{\"@type\":\"WebSite\",\"@id\":\"https:\/\/www.novotelphuket.com\/#website\",\"url\":\"https:\/\/www.novotelphuket.com\/\",\"name\":\"Novotel Phuket Resort\",\"description\":\"\",\"potentialAction\":[{\"@type\":\"SearchAction\",\"target\":{\"@type\":\"EntryPoint\",\"urlTemplate\":\"https:\/\/www.novotelphuket.com\/?s={search_term_string}\"},\"query-input\":{\"@type\":\"PropertyValueSpecification\",\"valueRequired\":true,\"valueName\":\"search_term_string\"}}],\"inLanguage\":\"fr-FR\"}]}<\/script>\n<!-- \/ Yoast SEO plugin. -->","yoast_head_json":{"title":"Hair Spa au Le Spa du Novotel Phuket Resort avec des soins nourrissants","description":"Chouchoutez vos cheveux au Hair Spa du Novotel Phuket avec des soins nourrissants, un accompagnement professionnel et une exp\u00e9rience salon relaxante sur la colline.","robots":{"index":"index","follow":"follow","max-snippet":"max-snippet:-1","max-image-preview":"max-image-preview:large","max-video-preview":"max-video-preview:-1"},"canonical":"https:\/\/www.novotelphuket.com\/fr\/sport-activities\/hair-spa\/","og_locale":"fr_FR","og_type":"article","og_title":"Hair Spa au Le Spa du Novotel Phuket Resort avec des soins nourrissants","og_description":"Chouchoutez vos cheveux au Hair Spa du Novotel Phuket avec des soins nourrissants, un accompagnement professionnel et une exp\u00e9rience salon relaxante sur la colline.","og_url":"https:\/\/www.novotelphuket.com\/fr\/sport-activities\/hair-spa\/","og_site_name":"Novotel Phuket Resort","article_modified_time":"2026-04-01T08:19:26+00:00","twitter_card":"summary_large_image","twitter_misc":{"Est. reading time":"1 minute"},"schema":{"@context":"https:\/\/schema.org","@graph":[{"@type":"WebPage","@id":"https:\/\/www.novotelphuket.com\/fr\/sport-activities\/hair-spa\/","url":"https:\/\/www.novotelphuket.com\/fr\/sport-activities\/hair-spa\/","name":"Hair Spa au Le Spa du Novotel Phuket Resort avec des soins nourrissants","isPartOf":{"@id":"https:\/\/www.novotelphuket.com\/#website"},"datePublished":"2026-01-12T07:53:51+00:00","dateModified":"2026-04-01T08:19:26+00:00","description":"Chouchoutez vos cheveux au Hair Spa du Novotel Phuket avec des soins nourrissants, un accompagnement professionnel et une exp\u00e9rience salon relaxante sur la colline.","breadcrumb":{"@id":"https:\/\/www.novotelphuket.com\/fr\/sport-activities\/hair-spa\/#breadcrumb"},"inLanguage":"fr-FR","potentialAction":[{"@type":"ReadAction","target":["https:\/\/www.novotelphuket.com\/fr\/sport-activities\/hair-spa\/"]}]},{"@type":"BreadcrumbList","@id":"https:\/\/www.novotelphuket.com\/fr\/sport-activities\/hair-spa\/#breadcrumb","itemListElement":[{"@type":"ListItem","position":1,"name":"Accueil","item":"https:\/\/www.novotelphuket.com\/fr\/"},{"@type":"ListItem","position":2,"name":"Bien-\u00eatre","item":"https:\/\/www.novotelphuket.com\/fr\/sport-activities\/"},{"@type":"ListItem","position":3,"name":"Spa Capillaire"}]},{"@type":"WebSite","@id":"https:\/\/www.novotelphuket.com\/#website","url":"https:\/\/www.novotelphuket.com\/","name":"Novotel Phuket Resort","description":"","potentialAction":[{"@type":"SearchAction","target":{"@type":"EntryPoint","urlTemplate":"https:\/\/www.novotelphuket.com\/?s={search_term_string}"},"query-input":{"@type":"PropertyValueSpecification","valueRequired":true,"valueName":"search_term_string"}}],"inLanguage":"fr-FR"}]}},"_links":{"self":[{"href":"https:\/\/www.novotelphuket.com\/fr\/wp-json\/wp\/v2\/pages\/648","targetHints":{"allow":["GET"]}}],"collection":[{"href":"https:\/\/www.novotelphuket.com\/fr\/wp-json\/wp\/v2\/pages"}],"about":[{"href":"https:\/\/www.novotelphuket.com\/fr\/wp-json\/wp\/v2\/types\/page"}],"author":[{"embeddable":true,"href":"https:\/\/www.novotelphuket.com\/fr\/wp-json\/wp\/v2\/users\/4"}],"replies":[{"embeddable":true,"href":"https:\/\/www.novotelphuket.com\/fr\/wp-json\/wp\/v2\/comments?post=648"}],"version-history":[{"count":0,"href":"https:\/\/www.novotelphuket.com\/fr\/wp-json\/wp\/v2\/pages\/648\/revisions"}],"up":[{"embeddable":true,"href":"https:\/\/www.novotelphuket.com\/fr\/wp-json\/wp\/v2\/pages\/662"}],"wp:attachment":[{"href":"https:\/\/www.novotelphuket.com\/fr\/wp-json\/wp\/v2\/media?parent=648"}],"wp:term":[{"taxonomy":"category","embeddable":true,"href":"https:\/\/www.novotelphuket.com\/fr\/wp-json\/wp\/v2\/categories?post=648"}],"curies":[{"name":"wp","href":"https:\/\/api.w.org\/{rel}","templated":true}]}}