{"id":657,"date":"2026-01-13T02:48:53","date_gmt":"2026-01-13T02:48:53","guid":{"rendered":"https:\/\/novotelphuketresort.accorv2prod2.decms.eu\/meeting-rooms\/"},"modified":"2026-04-01T08:31:01","modified_gmt":"2026-04-01T08:31:01","slug":"meeting-rooms","status":"publish","type":"page","link":"https:\/\/www.novotelphuket.com\/fr\/meeting-rooms\/","title":{"rendered":"Salles de R\u00e9union &#038; \u00c9v\u00e9nements"},"content":{"rendered":"<p>Nous proposons des salles de r\u00e9union et des installations sp\u00e9ciales pour accueillir des \u00e9v\u00e9nements professionnels et de loisirs. Nos salles de r\u00e9union enti\u00e8rement \u00e9quip\u00e9es \u00e0 Patong peuvent accueillir des groupes petits ou grands.<\/p>\n<p>De plus, nos vastes salles de conf\u00e9rence \u00e0 Phuket peuvent \u00eatre personnalis\u00e9es pour presque toutes les occasions. Les services d\u2019h\u00e9bergement et de restauration de l\u2019h\u00f4tel offrent \u00e0 la fois luxe et confort.<\/p>\n<p>Pour une exp\u00e9rience de r\u00e9union exceptionnelle dans un cadre agr\u00e9able, proche de la plage de Patong, laissez notre \u00e9quipe professionnelle organiser votre prochain \u00e9v\u00e9nement ou r\u00e9union au Novotel.<\/p>\n","protected":false},"excerpt":{"rendered":"<p>Nous proposons des salles de r\u00e9union et des installations sp\u00e9ciales pour accueillir des \u00e9v\u00e9nements professionnels et de loisirs. Nos salles de r\u00e9union enti\u00e8rement \u00e9quip\u00e9es \u00e0 Patong peuvent accueillir des groupes petits ou grands. De plus, nos vastes salles de conf\u00e9rence \u00e0 Phuket peuvent \u00eatre personnalis\u00e9es pour presque toutes les occasions. Les services d\u2019h\u00e9bergement et de [&hellip;]<\/p>\n","protected":false},"author":30,"featured_media":0,"parent":0,"menu_order":0,"comment_status":"closed","ping_status":"closed","template":"template-meetings.php","meta":{"footnotes":""},"categories":[],"class_list":["post-657","page","type-page","status-publish","hentry"],"acf":[],"yoast_head":"<!-- This site is optimized with the Yoast SEO plugin v26.9 - https:\/\/yoast.com\/product\/yoast-seo-wordpress\/ -->\n<title>H\u00f4tel d\u2019affaires \u00e0 Patong, Phuket | Novotel Phuket Resort<\/title>\n<meta name=\"description\" content=\"S\u00e9journez confortablement au Novotel Phuket Resort, un h\u00f4tel d\u2019affaires de premier plan \u00e0 Patong, Phuket. Profitez d\u2019installations modernes pour vos r\u00e9unions.\" \/>\n<meta name=\"robots\" content=\"index, follow, max-snippet:-1, max-image-preview:large, max-video-preview:-1\" \/>\n<link rel=\"canonical\" href=\"https:\/\/www.novotelphuket.com\/fr\/meeting-rooms\/\" \/>\n<meta property=\"og:locale\" content=\"fr_FR\" \/>\n<meta property=\"og:type\" content=\"article\" \/>\n<meta property=\"og:title\" content=\"H\u00f4tel d\u2019affaires \u00e0 Patong, Phuket | Novotel Phuket Resort\" \/>\n<meta property=\"og:description\" content=\"S\u00e9journez confortablement au Novotel Phuket Resort, un h\u00f4tel d\u2019affaires de premier plan \u00e0 Patong, Phuket. Profitez d\u2019installations modernes pour vos r\u00e9unions.\" \/>\n<meta property=\"og:url\" content=\"https:\/\/www.novotelphuket.com\/fr\/meeting-rooms\/\" \/>\n<meta property=\"og:site_name\" content=\"Novotel Phuket Resort\" \/>\n<meta property=\"article:modified_time\" content=\"2026-04-01T08:31:01+00:00\" \/>\n<meta name=\"twitter:card\" content=\"summary_large_image\" \/>\n<meta name=\"twitter:label1\" content=\"Est. reading time\" \/>\n\t<meta name=\"twitter:data1\" content=\"1 minute\" \/>\n<script type=\"application\/ld+json\" class=\"yoast-schema-graph\">{\"@context\":\"https:\/\/schema.org\",\"@graph\":[{\"@type\":\"WebPage\",\"@id\":\"https:\/\/www.novotelphuket.com\/fr\/meeting-rooms\/\",\"url\":\"https:\/\/www.novotelphuket.com\/fr\/meeting-rooms\/\",\"name\":\"H\u00f4tel d\u2019affaires \u00e0 Patong, Phuket | Novotel Phuket Resort\",\"isPartOf\":{\"@id\":\"https:\/\/www.novotelphuket.com\/#website\"},\"datePublished\":\"2026-01-13T02:48:53+00:00\",\"dateModified\":\"2026-04-01T08:31:01+00:00\",\"description\":\"S\u00e9journez confortablement au Novotel Phuket Resort, un h\u00f4tel d\u2019affaires de premier plan \u00e0 Patong, Phuket. Profitez d\u2019installations modernes pour vos r\u00e9unions.\",\"breadcrumb\":{\"@id\":\"https:\/\/www.novotelphuket.com\/fr\/meeting-rooms\/#breadcrumb\"},\"inLanguage\":\"fr-FR\",\"potentialAction\":[{\"@type\":\"ReadAction\",\"target\":[\"https:\/\/www.novotelphuket.com\/fr\/meeting-rooms\/\"]}]},{\"@type\":\"BreadcrumbList\",\"@id\":\"https:\/\/www.novotelphuket.com\/fr\/meeting-rooms\/#breadcrumb\",\"itemListElement\":[{\"@type\":\"ListItem\",\"position\":1,\"name\":\"Accueil\",\"item\":\"https:\/\/www.novotelphuket.com\/fr\/\"},{\"@type\":\"ListItem\",\"position\":2,\"name\":\"Salles de R\u00e9union &#038; \u00c9v\u00e9nements\"}]},{\"@type\":\"WebSite\",\"@id\":\"https:\/\/www.novotelphuket.com\/#website\",\"url\":\"https:\/\/www.novotelphuket.com\/\",\"name\":\"Novotel Phuket Resort\",\"description\":\"\",\"potentialAction\":[{\"@type\":\"SearchAction\",\"target\":{\"@type\":\"EntryPoint\",\"urlTemplate\":\"https:\/\/www.novotelphuket.com\/?s={search_term_string}\"},\"query-input\":{\"@type\":\"PropertyValueSpecification\",\"valueRequired\":true,\"valueName\":\"search_term_string\"}}],\"inLanguage\":\"fr-FR\"}]}<\/script>\n<!-- \/ Yoast SEO plugin. -->","yoast_head_json":{"title":"H\u00f4tel d\u2019affaires \u00e0 Patong, Phuket | Novotel Phuket Resort","description":"S\u00e9journez confortablement au Novotel Phuket Resort, un h\u00f4tel d\u2019affaires de premier plan \u00e0 Patong, Phuket. Profitez d\u2019installations modernes pour vos r\u00e9unions.","robots":{"index":"index","follow":"follow","max-snippet":"max-snippet:-1","max-image-preview":"max-image-preview:large","max-video-preview":"max-video-preview:-1"},"canonical":"https:\/\/www.novotelphuket.com\/fr\/meeting-rooms\/","og_locale":"fr_FR","og_type":"article","og_title":"H\u00f4tel d\u2019affaires \u00e0 Patong, Phuket | Novotel Phuket Resort","og_description":"S\u00e9journez confortablement au Novotel Phuket Resort, un h\u00f4tel d\u2019affaires de premier plan \u00e0 Patong, Phuket. Profitez d\u2019installations modernes pour vos r\u00e9unions.","og_url":"https:\/\/www.novotelphuket.com\/fr\/meeting-rooms\/","og_site_name":"Novotel Phuket Resort","article_modified_time":"2026-04-01T08:31:01+00:00","twitter_card":"summary_large_image","twitter_misc":{"Est. reading time":"1 minute"},"schema":{"@context":"https:\/\/schema.org","@graph":[{"@type":"WebPage","@id":"https:\/\/www.novotelphuket.com\/fr\/meeting-rooms\/","url":"https:\/\/www.novotelphuket.com\/fr\/meeting-rooms\/","name":"H\u00f4tel d\u2019affaires \u00e0 Patong, Phuket | Novotel Phuket Resort","isPartOf":{"@id":"https:\/\/www.novotelphuket.com\/#website"},"datePublished":"2026-01-13T02:48:53+00:00","dateModified":"2026-04-01T08:31:01+00:00","description":"S\u00e9journez confortablement au Novotel Phuket Resort, un h\u00f4tel d\u2019affaires de premier plan \u00e0 Patong, Phuket. Profitez d\u2019installations modernes pour vos r\u00e9unions.","breadcrumb":{"@id":"https:\/\/www.novotelphuket.com\/fr\/meeting-rooms\/#breadcrumb"},"inLanguage":"fr-FR","potentialAction":[{"@type":"ReadAction","target":["https:\/\/www.novotelphuket.com\/fr\/meeting-rooms\/"]}]},{"@type":"BreadcrumbList","@id":"https:\/\/www.novotelphuket.com\/fr\/meeting-rooms\/#breadcrumb","itemListElement":[{"@type":"ListItem","position":1,"name":"Accueil","item":"https:\/\/www.novotelphuket.com\/fr\/"},{"@type":"ListItem","position":2,"name":"Salles de R\u00e9union &#038; \u00c9v\u00e9nements"}]},{"@type":"WebSite","@id":"https:\/\/www.novotelphuket.com\/#website","url":"https:\/\/www.novotelphuket.com\/","name":"Novotel Phuket Resort","description":"","potentialAction":[{"@type":"SearchAction","target":{"@type":"EntryPoint","urlTemplate":"https:\/\/www.novotelphuket.com\/?s={search_term_string}"},"query-input":{"@type":"PropertyValueSpecification","valueRequired":true,"valueName":"search_term_string"}}],"inLanguage":"fr-FR"}]}},"_links":{"self":[{"href":"https:\/\/www.novotelphuket.com\/fr\/wp-json\/wp\/v2\/pages\/657","targetHints":{"allow":["GET"]}}],"collection":[{"href":"https:\/\/www.novotelphuket.com\/fr\/wp-json\/wp\/v2\/pages"}],"about":[{"href":"https:\/\/www.novotelphuket.com\/fr\/wp-json\/wp\/v2\/types\/page"}],"author":[{"embeddable":true,"href":"https:\/\/www.novotelphuket.com\/fr\/wp-json\/wp\/v2\/users\/30"}],"replies":[{"embeddable":true,"href":"https:\/\/www.novotelphuket.com\/fr\/wp-json\/wp\/v2\/comments?post=657"}],"version-history":[{"count":0,"href":"https:\/\/www.novotelphuket.com\/fr\/wp-json\/wp\/v2\/pages\/657\/revisions"}],"wp:attachment":[{"href":"https:\/\/www.novotelphuket.com\/fr\/wp-json\/wp\/v2\/media?parent=657"}],"wp:term":[{"taxonomy":"category","embeddable":true,"href":"https:\/\/www.novotelphuket.com\/fr\/wp-json\/wp\/v2\/categories?post=657"}],"curies":[{"name":"wp","href":"https:\/\/api.w.org\/{rel}","templated":true}]}}