{"id":662,"date":"2026-01-23T07:24:44","date_gmt":"2026-01-23T07:24:44","guid":{"rendered":"https:\/\/novotelphuketresort.accorv2prod2.decms.eu\/sport-activities\/"},"modified":"2026-04-29T02:33:16","modified_gmt":"2026-04-29T02:33:16","slug":"sport-activities","status":"publish","type":"page","link":"https:\/\/www.novotelphuket.com\/fr\/sport-activities\/","title":{"rendered":"Bien-\u00eatre"},"content":{"rendered":"<p data-start=\"2509\" data-end=\"2740\">\u0627\u0644\u0639\u0627\u0641\u064a\u0629 \u0644\u064a\u0633\u062a \u0645\u062c\u0631\u062f \u0627\u0633\u062a\u0631\u062e\u0627\u0621\u060c \u0628\u0644 \u0647\u064a \u0623\u064a\u0636\u064b\u0627 \u0637\u0631\u064a\u0642\u0629 \u062d\u0631\u0643\u062a\u0643 \u0648\u0627\u0633\u062a\u0643\u0634\u0627\u0641\u0643 \u0648\u062a\u062c\u062f\u064a\u062f \u0637\u0627\u0642\u062a\u0643. \u0641\u064a \u0645\u0646\u062a\u062c\u0639 \u0646\u0648\u0641\u0648\u062a\u064a\u0644 \u0641\u0648\u0643\u064a\u062a\u060c \u0646\u062c\u0645\u0639 \u0628\u064a\u0646 \u0627\u0644\u0644\u064a\u0627\u0642\u0629 \u0627\u0644\u0628\u062f\u0646\u064a\u0629 \u0648\u0627\u0644\u0633\u0628\u0627 \u0648\u0627\u0644\u062a\u062c\u0627\u0631\u0628 \u0627\u0644\u0645\u062e\u062a\u0627\u0631\u0629 \u0628\u0639\u0646\u0627\u064a\u0629 \u0644\u0645\u0633\u0627\u0639\u062f\u062a\u0643 \u0639\u0644\u0649 \u0627\u0644\u0634\u0639\u0648\u0631 \u0628\u0623\u0641\u0636\u0644 \u062d\u0627\u0644 \u0637\u0648\u0627\u0644 \u0641\u062a\u0631\u0629 \u0625\u0642\u0627\u0645\u062a\u0643.<\/p>\n<p data-start=\"2742\" data-end=\"2913\">\u0627\u0628\u062f\u0623 \u064a\u0648\u0645\u0643 \u0641\u064a \u0645\u0631\u0643\u0632 \u0627\u0644\u0644\u064a\u0627\u0642\u0629 \u0627\u0644\u0628\u062f\u0646\u064a\u0629 \u0627\u0644\u0645\u062c\u0647\u0632 \u0628\u0627\u0644\u0643\u0627\u0645\u0644 \u0644\u062f\u064a\u0646\u0627\u060c \u0648\u0627\u0644\u0645\u0641\u062a\u0648\u062d \u0639\u0644\u0649 \u0645\u062f\u0627\u0631 24 \u0633\u0627\u0639\u0629 \u0644\u0631\u0627\u062d\u062a\u0643. \u0623\u0639\u062f \u0627\u0644\u062a\u0648\u0627\u0635\u0644 \u0645\u0639 \u062c\u0633\u062f\u0643 \u0645\u0646 \u062e\u0644\u0627\u0644 \u0627\u0644\u062d\u0631\u0643\u0629\u060c \u0633\u0648\u0627\u0621 \u0643\u0627\u0646\u062a \u062a\u0645\u0631\u064a\u0646\u064b\u0627 \u0633\u0631\u064a\u0639\u064b\u0627 \u0623\u0648 \u062c\u0644\u0633\u0629 \u062a\u062f\u0631\u064a\u0628 \u0643\u0627\u0645\u0644\u0629.<\/p>\n<p data-start=\"2915\" data-end=\"3051\">\u0648\u0627\u0635\u0644 \u0631\u062d\u0644\u062a\u0643 \u0646\u062d\u0648 \u0627\u0644\u0627\u0633\u062a\u0631\u062e\u0627\u0621 \u0641\u064a \u0627\u0644\u0633\u0628\u0627 \u0644\u062f\u064a\u0646\u0627\u060c \u062d\u064a\u062b \u062a\u0645 \u062a\u0635\u0645\u064a\u0645 \u0627\u0644\u0639\u0644\u0627\u062c\u0627\u062a \u0627\u0644\u0645\u0647\u062f\u0626\u0629 \u0644\u062a\u062e\u0641\u064a\u0641 \u0627\u0644\u062a\u0648\u062a\u0631 \u0648\u0627\u0633\u062a\u0639\u0627\u062f\u0629 \u0627\u0644\u062a\u0648\u0627\u0632\u0646\u060c \u0645\u0645\u0627 \u064a\u062c\u0639\u0644\u0643 \u062a\u0634\u0639\u0631 \u0628\u0627\u0644\u0627\u0646\u062a\u0639\u0627\u0634 \u0648\u0627\u0644\u0637\u0627\u0642\u0629.<\/p>\n<p data-start=\"3053\" data-end=\"3207\" data-is-last-node=\"\" data-is-only-node=\"\">\u0623\u0645\u0627 \u0644\u0645\u062d\u0628\u064a \u0627\u0644\u0627\u0633\u062a\u0643\u0634\u0627\u0641\u060c \u0641\u0625\u0646 \u0627\u0644\u0631\u062d\u0644\u0627\u062a \u0648\u0627\u0644\u062c\u0648\u0644\u0627\u062a \u0644\u062f\u064a\u0646\u0627 \u062a\u0648\u0641\u0631 \u0627\u0644\u0637\u0631\u064a\u0642\u0629 \u0627\u0644\u0645\u062b\u0627\u0644\u064a\u0629 \u0644\u0627\u0643\u062a\u0634\u0627\u0641 \u062c\u0645\u0627\u0644 \u0641\u0648\u0643\u064a\u062a \u0645\u0646 \u0627\u0644\u0625\u0637\u0644\u0627\u0644\u0627\u062a \u0627\u0644\u0637\u0628\u064a\u0639\u064a\u0629 \u0627\u0644\u062e\u0644\u0627\u0628\u0629 \u0625\u0644\u0649 \u0627\u0644\u062b\u0642\u0627\u0641\u0629 \u0627\u0644\u0645\u062d\u0644\u064a\u0629 \u0648\u0645\u063a\u0627\u0645\u0631\u0627\u062a \u0627\u0644\u062c\u0632\u0631.<\/p>\n","protected":false},"excerpt":{"rendered":"<p>\u0627\u0644\u0639\u0627\u0641\u064a\u0629 \u0644\u064a\u0633\u062a \u0645\u062c\u0631\u062f \u0627\u0633\u062a\u0631\u062e\u0627\u0621\u060c \u0628\u0644 \u0647\u064a \u0623\u064a\u0636\u064b\u0627 \u0637\u0631\u064a\u0642\u0629 \u062d\u0631\u0643\u062a\u0643 \u0648\u0627\u0633\u062a\u0643\u0634\u0627\u0641\u0643 \u0648\u062a\u062c\u062f\u064a\u062f \u0637\u0627\u0642\u062a\u0643. \u0641\u064a \u0645\u0646\u062a\u062c\u0639 \u0646\u0648\u0641\u0648\u062a\u064a\u0644 \u0641\u0648\u0643\u064a\u062a\u060c \u0646\u062c\u0645\u0639 \u0628\u064a\u0646 \u0627\u0644\u0644\u064a\u0627\u0642\u0629 \u0627\u0644\u0628\u062f\u0646\u064a\u0629 \u0648\u0627\u0644\u0633\u0628\u0627 \u0648\u0627\u0644\u062a\u062c\u0627\u0631\u0628 \u0627\u0644\u0645\u062e\u062a\u0627\u0631\u0629 \u0628\u0639\u0646\u0627\u064a\u0629 \u0644\u0645\u0633\u0627\u0639\u062f\u062a\u0643 \u0639\u0644\u0649 \u0627\u0644\u0634\u0639\u0648\u0631 \u0628\u0623\u0641\u0636\u0644 \u062d\u0627\u0644 \u0637\u0648\u0627\u0644 \u0641\u062a\u0631\u0629 \u0625\u0642\u0627\u0645\u062a\u0643. \u0627\u0628\u062f\u0623 \u064a\u0648\u0645\u0643 \u0641\u064a \u0645\u0631\u0643\u0632 \u0627\u0644\u0644\u064a\u0627\u0642\u0629 \u0627\u0644\u0628\u062f\u0646\u064a\u0629 \u0627\u0644\u0645\u062c\u0647\u0632 \u0628\u0627\u0644\u0643\u0627\u0645\u0644 \u0644\u062f\u064a\u0646\u0627\u060c \u0648\u0627\u0644\u0645\u0641\u062a\u0648\u062d \u0639\u0644\u0649 \u0645\u062f\u0627\u0631 24 \u0633\u0627\u0639\u0629 \u0644\u0631\u0627\u062d\u062a\u0643. \u0623\u0639\u062f \u0627\u0644\u062a\u0648\u0627\u0635\u0644 \u0645\u0639 \u062c\u0633\u062f\u0643 \u0645\u0646 \u062e\u0644\u0627\u0644 \u0627\u0644\u062d\u0631\u0643\u0629\u060c \u0633\u0648\u0627\u0621 [&hellip;]<\/p>\n","protected":false},"author":30,"featured_media":0,"parent":0,"menu_order":0,"comment_status":"closed","ping_status":"closed","template":"","meta":{"footnotes":""},"categories":[],"class_list":["post-662","page","type-page","status-publish","hentry"],"acf":[],"yoast_head":"<!-- This site is optimized with the Yoast SEO plugin v26.9 - https:\/\/yoast.com\/product\/yoast-seo-wordpress\/ -->\n<title>Sports et Activit\u00e9s | Novotel Phuket Resort<\/title>\n<meta name=\"description\" content=\"Restez en forme et amusez-vous au Novotel Phuket gr\u00e2ce \u00e0 des activit\u00e9s telles que le tennis, les entra\u00eenements et les sports nautiques, con\u00e7ues pour le loisir tropical et l&#039;\u00e9nergie.\" \/>\n<meta name=\"robots\" content=\"index, follow, max-snippet:-1, max-image-preview:large, max-video-preview:-1\" \/>\n<link rel=\"canonical\" href=\"https:\/\/www.novotelphuket.com\/fr\/sport-activities\/\" \/>\n<meta property=\"og:locale\" content=\"fr_FR\" \/>\n<meta property=\"og:type\" content=\"article\" \/>\n<meta property=\"og:title\" content=\"Sports et Activit\u00e9s | Novotel Phuket Resort\" \/>\n<meta property=\"og:description\" content=\"Restez en forme et amusez-vous au Novotel Phuket gr\u00e2ce \u00e0 des activit\u00e9s telles que le tennis, les entra\u00eenements et les sports nautiques, con\u00e7ues pour le loisir tropical et l&#039;\u00e9nergie.\" \/>\n<meta property=\"og:url\" content=\"https:\/\/www.novotelphuket.com\/fr\/sport-activities\/\" \/>\n<meta property=\"og:site_name\" content=\"Novotel Phuket Resort\" \/>\n<meta property=\"article:modified_time\" content=\"2026-04-29T02:33:16+00:00\" \/>\n<meta name=\"twitter:card\" content=\"summary_large_image\" \/>\n<meta name=\"twitter:label1\" content=\"Est. reading time\" \/>\n\t<meta name=\"twitter:data1\" content=\"1 minute\" \/>\n<script type=\"application\/ld+json\" class=\"yoast-schema-graph\">{\"@context\":\"https:\/\/schema.org\",\"@graph\":[{\"@type\":\"WebPage\",\"@id\":\"https:\/\/www.novotelphuket.com\/fr\/sport-activities\/\",\"url\":\"https:\/\/www.novotelphuket.com\/fr\/sport-activities\/\",\"name\":\"Sports et Activit\u00e9s | Novotel Phuket Resort\",\"isPartOf\":{\"@id\":\"https:\/\/www.novotelphuket.com\/#website\"},\"datePublished\":\"2026-01-23T07:24:44+00:00\",\"dateModified\":\"2026-04-29T02:33:16+00:00\",\"description\":\"Restez en forme et amusez-vous au Novotel Phuket gr\u00e2ce \u00e0 des activit\u00e9s telles que le tennis, les entra\u00eenements et les sports nautiques, con\u00e7ues pour le loisir tropical et l'\u00e9nergie.\",\"breadcrumb\":{\"@id\":\"https:\/\/www.novotelphuket.com\/fr\/sport-activities\/#breadcrumb\"},\"inLanguage\":\"fr-FR\",\"potentialAction\":[{\"@type\":\"ReadAction\",\"target\":[\"https:\/\/www.novotelphuket.com\/fr\/sport-activities\/\"]}]},{\"@type\":\"BreadcrumbList\",\"@id\":\"https:\/\/www.novotelphuket.com\/fr\/sport-activities\/#breadcrumb\",\"itemListElement\":[{\"@type\":\"ListItem\",\"position\":1,\"name\":\"Accueil\",\"item\":\"https:\/\/www.novotelphuket.com\/fr\/\"},{\"@type\":\"ListItem\",\"position\":2,\"name\":\"Bien-\u00eatre\"}]},{\"@type\":\"WebSite\",\"@id\":\"https:\/\/www.novotelphuket.com\/#website\",\"url\":\"https:\/\/www.novotelphuket.com\/\",\"name\":\"Novotel Phuket Resort\",\"description\":\"\",\"potentialAction\":[{\"@type\":\"SearchAction\",\"target\":{\"@type\":\"EntryPoint\",\"urlTemplate\":\"https:\/\/www.novotelphuket.com\/?s={search_term_string}\"},\"query-input\":{\"@type\":\"PropertyValueSpecification\",\"valueRequired\":true,\"valueName\":\"search_term_string\"}}],\"inLanguage\":\"fr-FR\"}]}<\/script>\n<!-- \/ Yoast SEO plugin. -->","yoast_head_json":{"title":"Sports et Activit\u00e9s | Novotel Phuket Resort","description":"Restez en forme et amusez-vous au Novotel Phuket gr\u00e2ce \u00e0 des activit\u00e9s telles que le tennis, les entra\u00eenements et les sports nautiques, con\u00e7ues pour le loisir tropical et l'\u00e9nergie.","robots":{"index":"index","follow":"follow","max-snippet":"max-snippet:-1","max-image-preview":"max-image-preview:large","max-video-preview":"max-video-preview:-1"},"canonical":"https:\/\/www.novotelphuket.com\/fr\/sport-activities\/","og_locale":"fr_FR","og_type":"article","og_title":"Sports et Activit\u00e9s | Novotel Phuket Resort","og_description":"Restez en forme et amusez-vous au Novotel Phuket gr\u00e2ce \u00e0 des activit\u00e9s telles que le tennis, les entra\u00eenements et les sports nautiques, con\u00e7ues pour le loisir tropical et l'\u00e9nergie.","og_url":"https:\/\/www.novotelphuket.com\/fr\/sport-activities\/","og_site_name":"Novotel Phuket Resort","article_modified_time":"2026-04-29T02:33:16+00:00","twitter_card":"summary_large_image","twitter_misc":{"Est. reading time":"1 minute"},"schema":{"@context":"https:\/\/schema.org","@graph":[{"@type":"WebPage","@id":"https:\/\/www.novotelphuket.com\/fr\/sport-activities\/","url":"https:\/\/www.novotelphuket.com\/fr\/sport-activities\/","name":"Sports et Activit\u00e9s | Novotel Phuket Resort","isPartOf":{"@id":"https:\/\/www.novotelphuket.com\/#website"},"datePublished":"2026-01-23T07:24:44+00:00","dateModified":"2026-04-29T02:33:16+00:00","description":"Restez en forme et amusez-vous au Novotel Phuket gr\u00e2ce \u00e0 des activit\u00e9s telles que le tennis, les entra\u00eenements et les sports nautiques, con\u00e7ues pour le loisir tropical et l'\u00e9nergie.","breadcrumb":{"@id":"https:\/\/www.novotelphuket.com\/fr\/sport-activities\/#breadcrumb"},"inLanguage":"fr-FR","potentialAction":[{"@type":"ReadAction","target":["https:\/\/www.novotelphuket.com\/fr\/sport-activities\/"]}]},{"@type":"BreadcrumbList","@id":"https:\/\/www.novotelphuket.com\/fr\/sport-activities\/#breadcrumb","itemListElement":[{"@type":"ListItem","position":1,"name":"Accueil","item":"https:\/\/www.novotelphuket.com\/fr\/"},{"@type":"ListItem","position":2,"name":"Bien-\u00eatre"}]},{"@type":"WebSite","@id":"https:\/\/www.novotelphuket.com\/#website","url":"https:\/\/www.novotelphuket.com\/","name":"Novotel Phuket Resort","description":"","potentialAction":[{"@type":"SearchAction","target":{"@type":"EntryPoint","urlTemplate":"https:\/\/www.novotelphuket.com\/?s={search_term_string}"},"query-input":{"@type":"PropertyValueSpecification","valueRequired":true,"valueName":"search_term_string"}}],"inLanguage":"fr-FR"}]}},"_links":{"self":[{"href":"https:\/\/www.novotelphuket.com\/fr\/wp-json\/wp\/v2\/pages\/662","targetHints":{"allow":["GET"]}}],"collection":[{"href":"https:\/\/www.novotelphuket.com\/fr\/wp-json\/wp\/v2\/pages"}],"about":[{"href":"https:\/\/www.novotelphuket.com\/fr\/wp-json\/wp\/v2\/types\/page"}],"author":[{"embeddable":true,"href":"https:\/\/www.novotelphuket.com\/fr\/wp-json\/wp\/v2\/users\/30"}],"replies":[{"embeddable":true,"href":"https:\/\/www.novotelphuket.com\/fr\/wp-json\/wp\/v2\/comments?post=662"}],"version-history":[{"count":0,"href":"https:\/\/www.novotelphuket.com\/fr\/wp-json\/wp\/v2\/pages\/662\/revisions"}],"wp:attachment":[{"href":"https:\/\/www.novotelphuket.com\/fr\/wp-json\/wp\/v2\/media?parent=662"}],"wp:term":[{"taxonomy":"category","embeddable":true,"href":"https:\/\/www.novotelphuket.com\/fr\/wp-json\/wp\/v2\/categories?post=662"}],"curies":[{"name":"wp","href":"https:\/\/api.w.org\/{rel}","templated":true}]}}