{"id":693,"date":"2026-01-13T03:08:26","date_gmt":"2026-01-13T03:08:26","guid":{"rendered":"https:\/\/novotelphuketresort.accorv2prod2.decms.eu\/blog\/"},"modified":"2026-04-29T02:30:38","modified_gmt":"2026-04-29T02:30:38","slug":"blog","status":"publish","type":"page","link":"https:\/\/www.novotelphuket.com\/fr\/blog\/","title":{"rendered":"Blog"},"content":{"rendered":"<p>Explorez le blog du Novotel Phuket Resort pour des conseils de voyage avis\u00e9s, des secrets locaux et les derni\u00e8res actualit\u00e9s de notre \u00e9tablissement. D\u00e9couvrez les tr\u00e9sors cach\u00e9s de Phuket, nos meilleures adresses gastronomiques, des activit\u00e9s passionnantes et nos promotions exclusives pour faire de votre s\u00e9jour un moment inoubliable.<\/p>\n","protected":false},"excerpt":{"rendered":"<p>Explorez le blog du Novotel Phuket Resort pour des conseils de voyage avis\u00e9s, des secrets locaux et les derni\u00e8res actualit\u00e9s de notre \u00e9tablissement. D\u00e9couvrez les tr\u00e9sors cach\u00e9s de Phuket, nos meilleures adresses gastronomiques, des activit\u00e9s passionnantes et nos promotions exclusives pour faire de votre s\u00e9jour un moment inoubliable.<\/p>\n","protected":false},"author":30,"featured_media":0,"parent":0,"menu_order":0,"comment_status":"closed","ping_status":"closed","template":"template-news.php","meta":{"footnotes":""},"categories":[],"class_list":["post-693","page","type-page","status-publish","hentry"],"acf":[],"yoast_head":"<!-- This site is optimized with the Yoast SEO plugin v26.9 - https:\/\/yoast.com\/product\/yoast-seo-wordpress\/ -->\n<title>Conseils de Voyage, Histoires Locales &amp; Actualit\u00e9s | Novotel Phuket Resort<\/title>\n<meta name=\"description\" content=\"Visitez le blog du Novotel Phuket : actualit\u00e9s du resort, id\u00e9es de voyage et inspiration locale pour planifier votre escapade parfaite dans la vibrante Phuket, en Tha\u00eflande.\" \/>\n<meta name=\"robots\" content=\"index, follow, max-snippet:-1, max-image-preview:large, max-video-preview:-1\" \/>\n<link rel=\"canonical\" href=\"https:\/\/www.novotelphuket.com\/fr\/blog\/\" \/>\n<meta property=\"og:locale\" content=\"fr_FR\" \/>\n<meta property=\"og:type\" content=\"article\" \/>\n<meta property=\"og:title\" content=\"Conseils de Voyage, Histoires Locales &amp; Actualit\u00e9s | Novotel Phuket Resort\" \/>\n<meta property=\"og:description\" content=\"Visitez le blog du Novotel Phuket : actualit\u00e9s du resort, id\u00e9es de voyage et inspiration locale pour planifier votre escapade parfaite dans la vibrante Phuket, en Tha\u00eflande.\" \/>\n<meta property=\"og:url\" content=\"https:\/\/www.novotelphuket.com\/fr\/blog\/\" \/>\n<meta property=\"og:site_name\" content=\"Novotel Phuket Resort\" \/>\n<meta property=\"article:modified_time\" content=\"2026-04-29T02:30:38+00:00\" \/>\n<meta name=\"twitter:card\" content=\"summary_large_image\" \/>\n<meta name=\"twitter:label1\" content=\"Est. reading time\" \/>\n\t<meta name=\"twitter:data1\" content=\"1 minute\" \/>\n<script type=\"application\/ld+json\" class=\"yoast-schema-graph\">{\"@context\":\"https:\/\/schema.org\",\"@graph\":[{\"@type\":\"WebPage\",\"@id\":\"https:\/\/www.novotelphuket.com\/fr\/blog\/\",\"url\":\"https:\/\/www.novotelphuket.com\/fr\/blog\/\",\"name\":\"Conseils de Voyage, Histoires Locales & Actualit\u00e9s | Novotel Phuket Resort\",\"isPartOf\":{\"@id\":\"https:\/\/www.novotelphuket.com\/#website\"},\"datePublished\":\"2026-01-13T03:08:26+00:00\",\"dateModified\":\"2026-04-29T02:30:38+00:00\",\"description\":\"Visitez le blog du Novotel Phuket : actualit\u00e9s du resort, id\u00e9es de voyage et inspiration locale pour planifier votre escapade parfaite dans la vibrante Phuket, en Tha\u00eflande.\",\"breadcrumb\":{\"@id\":\"https:\/\/www.novotelphuket.com\/fr\/blog\/#breadcrumb\"},\"inLanguage\":\"fr-FR\",\"potentialAction\":[{\"@type\":\"ReadAction\",\"target\":[\"https:\/\/www.novotelphuket.com\/fr\/blog\/\"]}]},{\"@type\":\"BreadcrumbList\",\"@id\":\"https:\/\/www.novotelphuket.com\/fr\/blog\/#breadcrumb\",\"itemListElement\":[{\"@type\":\"ListItem\",\"position\":1,\"name\":\"Accueil\",\"item\":\"https:\/\/www.novotelphuket.com\/fr\/\"},{\"@type\":\"ListItem\",\"position\":2,\"name\":\"Blog\"}]},{\"@type\":\"WebSite\",\"@id\":\"https:\/\/www.novotelphuket.com\/#website\",\"url\":\"https:\/\/www.novotelphuket.com\/\",\"name\":\"Novotel Phuket Resort\",\"description\":\"\",\"potentialAction\":[{\"@type\":\"SearchAction\",\"target\":{\"@type\":\"EntryPoint\",\"urlTemplate\":\"https:\/\/www.novotelphuket.com\/?s={search_term_string}\"},\"query-input\":{\"@type\":\"PropertyValueSpecification\",\"valueRequired\":true,\"valueName\":\"search_term_string\"}}],\"inLanguage\":\"fr-FR\"}]}<\/script>\n<!-- \/ Yoast SEO plugin. -->","yoast_head_json":{"title":"Conseils de Voyage, Histoires Locales & Actualit\u00e9s | Novotel Phuket Resort","description":"Visitez le blog du Novotel Phuket : actualit\u00e9s du resort, id\u00e9es de voyage et inspiration locale pour planifier votre escapade parfaite dans la vibrante Phuket, en Tha\u00eflande.","robots":{"index":"index","follow":"follow","max-snippet":"max-snippet:-1","max-image-preview":"max-image-preview:large","max-video-preview":"max-video-preview:-1"},"canonical":"https:\/\/www.novotelphuket.com\/fr\/blog\/","og_locale":"fr_FR","og_type":"article","og_title":"Conseils de Voyage, Histoires Locales & Actualit\u00e9s | Novotel Phuket Resort","og_description":"Visitez le blog du Novotel Phuket : actualit\u00e9s du resort, id\u00e9es de voyage et inspiration locale pour planifier votre escapade parfaite dans la vibrante Phuket, en Tha\u00eflande.","og_url":"https:\/\/www.novotelphuket.com\/fr\/blog\/","og_site_name":"Novotel Phuket Resort","article_modified_time":"2026-04-29T02:30:38+00:00","twitter_card":"summary_large_image","twitter_misc":{"Est. reading time":"1 minute"},"schema":{"@context":"https:\/\/schema.org","@graph":[{"@type":"WebPage","@id":"https:\/\/www.novotelphuket.com\/fr\/blog\/","url":"https:\/\/www.novotelphuket.com\/fr\/blog\/","name":"Conseils de Voyage, Histoires Locales & Actualit\u00e9s | Novotel Phuket Resort","isPartOf":{"@id":"https:\/\/www.novotelphuket.com\/#website"},"datePublished":"2026-01-13T03:08:26+00:00","dateModified":"2026-04-29T02:30:38+00:00","description":"Visitez le blog du Novotel Phuket : actualit\u00e9s du resort, id\u00e9es de voyage et inspiration locale pour planifier votre escapade parfaite dans la vibrante Phuket, en Tha\u00eflande.","breadcrumb":{"@id":"https:\/\/www.novotelphuket.com\/fr\/blog\/#breadcrumb"},"inLanguage":"fr-FR","potentialAction":[{"@type":"ReadAction","target":["https:\/\/www.novotelphuket.com\/fr\/blog\/"]}]},{"@type":"BreadcrumbList","@id":"https:\/\/www.novotelphuket.com\/fr\/blog\/#breadcrumb","itemListElement":[{"@type":"ListItem","position":1,"name":"Accueil","item":"https:\/\/www.novotelphuket.com\/fr\/"},{"@type":"ListItem","position":2,"name":"Blog"}]},{"@type":"WebSite","@id":"https:\/\/www.novotelphuket.com\/#website","url":"https:\/\/www.novotelphuket.com\/","name":"Novotel Phuket Resort","description":"","potentialAction":[{"@type":"SearchAction","target":{"@type":"EntryPoint","urlTemplate":"https:\/\/www.novotelphuket.com\/?s={search_term_string}"},"query-input":{"@type":"PropertyValueSpecification","valueRequired":true,"valueName":"search_term_string"}}],"inLanguage":"fr-FR"}]}},"_links":{"self":[{"href":"https:\/\/www.novotelphuket.com\/fr\/wp-json\/wp\/v2\/pages\/693","targetHints":{"allow":["GET"]}}],"collection":[{"href":"https:\/\/www.novotelphuket.com\/fr\/wp-json\/wp\/v2\/pages"}],"about":[{"href":"https:\/\/www.novotelphuket.com\/fr\/wp-json\/wp\/v2\/types\/page"}],"author":[{"embeddable":true,"href":"https:\/\/www.novotelphuket.com\/fr\/wp-json\/wp\/v2\/users\/30"}],"replies":[{"embeddable":true,"href":"https:\/\/www.novotelphuket.com\/fr\/wp-json\/wp\/v2\/comments?post=693"}],"version-history":[{"count":0,"href":"https:\/\/www.novotelphuket.com\/fr\/wp-json\/wp\/v2\/pages\/693\/revisions"}],"wp:attachment":[{"href":"https:\/\/www.novotelphuket.com\/fr\/wp-json\/wp\/v2\/media?parent=693"}],"wp:term":[{"taxonomy":"category","embeddable":true,"href":"https:\/\/www.novotelphuket.com\/fr\/wp-json\/wp\/v2\/categories?post=693"}],"curies":[{"name":"wp","href":"https:\/\/api.w.org\/{rel}","templated":true}]}}