{"id":720,"date":"2026-01-13T03:34:49","date_gmt":"2026-01-13T03:34:49","guid":{"rendered":"https:\/\/novotelphuketresort.accorv2prod2.decms.eu\/frequently-asked-question\/"},"modified":"2026-04-02T03:15:46","modified_gmt":"2026-04-02T03:15:46","slug":"frequently-asked-question","status":"publish","type":"page","link":"https:\/\/www.novotelphuket.com\/fr\/frequently-asked-question\/","title":{"rendered":"Foire aux questions"},"content":{"rendered":"<p>Trouvez les r\u00e9ponses aux questions fr\u00e9quemment pos\u00e9es sur le Novotel Phuket Resort, y compris l&#8217;emplacement, les horaires d&rsquo;arriv\u00e9e, les installations, la restauration, les transports et les services \u00e9v\u00e9nementiels.<\/p>\n","protected":false},"excerpt":{"rendered":"<p>Trouvez les r\u00e9ponses aux questions fr\u00e9quemment pos\u00e9es sur le Novotel Phuket Resort, y compris l&#8217;emplacement, les horaires d&rsquo;arriv\u00e9e, les installations, la restauration, les transports et les services \u00e9v\u00e9nementiels.<\/p>\n","protected":false},"author":30,"featured_media":0,"parent":0,"menu_order":0,"comment_status":"closed","ping_status":"closed","template":"template-faq.php","meta":{"footnotes":""},"categories":[],"class_list":["post-720","page","type-page","status-publish","hentry"],"acf":[],"yoast_head":"<!-- This site is optimized with the Yoast SEO plugin v26.9 - https:\/\/yoast.com\/product\/yoast-seo-wordpress\/ -->\n<title>Foire Aux Questions | Novotel Phuket Resort \u2013 Plage de Patong<\/title>\n<meta name=\"description\" content=\"Pr\u00e9parez votre s\u00e9jour au Novotel Phuket Resort. Trouvez toutes les r\u00e9ponses concernant notre emplacement, les horaires, les \u00e9quipements et les services pour des vacances sereines \u00e0 Patong.\" \/>\n<meta name=\"robots\" content=\"index, follow, max-snippet:-1, max-image-preview:large, max-video-preview:-1\" \/>\n<link rel=\"canonical\" href=\"https:\/\/www.novotelphuket.com\/fr\/frequently-asked-question\/\" \/>\n<meta property=\"og:locale\" content=\"fr_FR\" \/>\n<meta property=\"og:type\" content=\"article\" \/>\n<meta property=\"og:title\" content=\"Foire Aux Questions | Novotel Phuket Resort \u2013 Plage de Patong\" \/>\n<meta property=\"og:description\" content=\"Pr\u00e9parez votre s\u00e9jour au Novotel Phuket Resort. Trouvez toutes les r\u00e9ponses concernant notre emplacement, les horaires, les \u00e9quipements et les services pour des vacances sereines \u00e0 Patong.\" \/>\n<meta property=\"og:url\" content=\"https:\/\/www.novotelphuket.com\/fr\/frequently-asked-question\/\" \/>\n<meta property=\"og:site_name\" content=\"Novotel Phuket Resort\" \/>\n<meta property=\"article:modified_time\" content=\"2026-04-02T03:15:46+00:00\" \/>\n<meta name=\"twitter:card\" content=\"summary_large_image\" \/>\n<meta name=\"twitter:label1\" content=\"Est. reading time\" \/>\n\t<meta name=\"twitter:data1\" content=\"1 minute\" \/>\n<script type=\"application\/ld+json\" class=\"yoast-schema-graph\">{\"@context\":\"https:\/\/schema.org\",\"@graph\":[{\"@type\":\"WebPage\",\"@id\":\"https:\/\/www.novotelphuket.com\/fr\/frequently-asked-question\/\",\"url\":\"https:\/\/www.novotelphuket.com\/fr\/frequently-asked-question\/\",\"name\":\"Foire Aux Questions | Novotel Phuket Resort \u2013 Plage de Patong\",\"isPartOf\":{\"@id\":\"https:\/\/www.novotelphuket.com\/#website\"},\"datePublished\":\"2026-01-13T03:34:49+00:00\",\"dateModified\":\"2026-04-02T03:15:46+00:00\",\"description\":\"Pr\u00e9parez votre s\u00e9jour au Novotel Phuket Resort. Trouvez toutes les r\u00e9ponses concernant notre emplacement, les horaires, les \u00e9quipements et les services pour des vacances sereines \u00e0 Patong.\",\"breadcrumb\":{\"@id\":\"https:\/\/www.novotelphuket.com\/fr\/frequently-asked-question\/#breadcrumb\"},\"inLanguage\":\"fr-FR\",\"potentialAction\":[{\"@type\":\"ReadAction\",\"target\":[\"https:\/\/www.novotelphuket.com\/fr\/frequently-asked-question\/\"]}]},{\"@type\":\"BreadcrumbList\",\"@id\":\"https:\/\/www.novotelphuket.com\/fr\/frequently-asked-question\/#breadcrumb\",\"itemListElement\":[{\"@type\":\"ListItem\",\"position\":1,\"name\":\"Accueil\",\"item\":\"https:\/\/www.novotelphuket.com\/fr\/\"},{\"@type\":\"ListItem\",\"position\":2,\"name\":\"Foire aux questions\"}]},{\"@type\":\"WebSite\",\"@id\":\"https:\/\/www.novotelphuket.com\/#website\",\"url\":\"https:\/\/www.novotelphuket.com\/\",\"name\":\"Novotel Phuket Resort\",\"description\":\"\",\"potentialAction\":[{\"@type\":\"SearchAction\",\"target\":{\"@type\":\"EntryPoint\",\"urlTemplate\":\"https:\/\/www.novotelphuket.com\/?s={search_term_string}\"},\"query-input\":{\"@type\":\"PropertyValueSpecification\",\"valueRequired\":true,\"valueName\":\"search_term_string\"}}],\"inLanguage\":\"fr-FR\"}]}<\/script>\n<!-- \/ Yoast SEO plugin. -->","yoast_head_json":{"title":"Foire Aux Questions | Novotel Phuket Resort \u2013 Plage de Patong","description":"Pr\u00e9parez votre s\u00e9jour au Novotel Phuket Resort. Trouvez toutes les r\u00e9ponses concernant notre emplacement, les horaires, les \u00e9quipements et les services pour des vacances sereines \u00e0 Patong.","robots":{"index":"index","follow":"follow","max-snippet":"max-snippet:-1","max-image-preview":"max-image-preview:large","max-video-preview":"max-video-preview:-1"},"canonical":"https:\/\/www.novotelphuket.com\/fr\/frequently-asked-question\/","og_locale":"fr_FR","og_type":"article","og_title":"Foire Aux Questions | Novotel Phuket Resort \u2013 Plage de Patong","og_description":"Pr\u00e9parez votre s\u00e9jour au Novotel Phuket Resort. Trouvez toutes les r\u00e9ponses concernant notre emplacement, les horaires, les \u00e9quipements et les services pour des vacances sereines \u00e0 Patong.","og_url":"https:\/\/www.novotelphuket.com\/fr\/frequently-asked-question\/","og_site_name":"Novotel Phuket Resort","article_modified_time":"2026-04-02T03:15:46+00:00","twitter_card":"summary_large_image","twitter_misc":{"Est. reading time":"1 minute"},"schema":{"@context":"https:\/\/schema.org","@graph":[{"@type":"WebPage","@id":"https:\/\/www.novotelphuket.com\/fr\/frequently-asked-question\/","url":"https:\/\/www.novotelphuket.com\/fr\/frequently-asked-question\/","name":"Foire Aux Questions | Novotel Phuket Resort \u2013 Plage de Patong","isPartOf":{"@id":"https:\/\/www.novotelphuket.com\/#website"},"datePublished":"2026-01-13T03:34:49+00:00","dateModified":"2026-04-02T03:15:46+00:00","description":"Pr\u00e9parez votre s\u00e9jour au Novotel Phuket Resort. Trouvez toutes les r\u00e9ponses concernant notre emplacement, les horaires, les \u00e9quipements et les services pour des vacances sereines \u00e0 Patong.","breadcrumb":{"@id":"https:\/\/www.novotelphuket.com\/fr\/frequently-asked-question\/#breadcrumb"},"inLanguage":"fr-FR","potentialAction":[{"@type":"ReadAction","target":["https:\/\/www.novotelphuket.com\/fr\/frequently-asked-question\/"]}]},{"@type":"BreadcrumbList","@id":"https:\/\/www.novotelphuket.com\/fr\/frequently-asked-question\/#breadcrumb","itemListElement":[{"@type":"ListItem","position":1,"name":"Accueil","item":"https:\/\/www.novotelphuket.com\/fr\/"},{"@type":"ListItem","position":2,"name":"Foire aux questions"}]},{"@type":"WebSite","@id":"https:\/\/www.novotelphuket.com\/#website","url":"https:\/\/www.novotelphuket.com\/","name":"Novotel Phuket Resort","description":"","potentialAction":[{"@type":"SearchAction","target":{"@type":"EntryPoint","urlTemplate":"https:\/\/www.novotelphuket.com\/?s={search_term_string}"},"query-input":{"@type":"PropertyValueSpecification","valueRequired":true,"valueName":"search_term_string"}}],"inLanguage":"fr-FR"}]}},"_links":{"self":[{"href":"https:\/\/www.novotelphuket.com\/fr\/wp-json\/wp\/v2\/pages\/720","targetHints":{"allow":["GET"]}}],"collection":[{"href":"https:\/\/www.novotelphuket.com\/fr\/wp-json\/wp\/v2\/pages"}],"about":[{"href":"https:\/\/www.novotelphuket.com\/fr\/wp-json\/wp\/v2\/types\/page"}],"author":[{"embeddable":true,"href":"https:\/\/www.novotelphuket.com\/fr\/wp-json\/wp\/v2\/users\/30"}],"replies":[{"embeddable":true,"href":"https:\/\/www.novotelphuket.com\/fr\/wp-json\/wp\/v2\/comments?post=720"}],"version-history":[{"count":0,"href":"https:\/\/www.novotelphuket.com\/fr\/wp-json\/wp\/v2\/pages\/720\/revisions"}],"wp:attachment":[{"href":"https:\/\/www.novotelphuket.com\/fr\/wp-json\/wp\/v2\/media?parent=720"}],"wp:term":[{"taxonomy":"category","embeddable":true,"href":"https:\/\/www.novotelphuket.com\/fr\/wp-json\/wp\/v2\/categories?post=720"}],"curies":[{"name":"wp","href":"https:\/\/api.w.org\/{rel}","templated":true}]}}