{"id":729,"date":"2026-01-13T03:46:30","date_gmt":"2026-01-13T03:46:30","guid":{"rendered":"https:\/\/novotelphuketresort.accorv2prod2.decms.eu\/contact-us\/"},"modified":"2026-04-02T04:01:49","modified_gmt":"2026-04-02T04:01:49","slug":"contact-us","status":"publish","type":"page","link":"https:\/\/www.novotelphuket.com\/fr\/contact-us\/","title":{"rendered":"Contactez-nous"},"content":{"rendered":"<p>Entrez en contact avec le Novotel Phuket Resort \u00e0 Patong Beach. Que ce soit pour une r\u00e9servation, un \u00e9v\u00e9nement, un d\u00eener ou une simple demande, notre \u00e9quipe est \u00e0 votre enti\u00e8re disposition pour vous aider.<\/p>\n","protected":false},"excerpt":{"rendered":"<p>Entrez en contact avec le Novotel Phuket Resort \u00e0 Patong Beach. Que ce soit pour une r\u00e9servation, un \u00e9v\u00e9nement, un d\u00eener ou une simple demande, notre \u00e9quipe est \u00e0 votre enti\u00e8re disposition pour vous aider.<\/p>\n","protected":false},"author":30,"featured_media":0,"parent":0,"menu_order":0,"comment_status":"closed","ping_status":"closed","template":"template-contact.php","meta":{"footnotes":""},"categories":[],"class_list":["post-729","page","type-page","status-publish","hentry"],"acf":[],"yoast_head":"<!-- This site is optimized with the Yoast SEO plugin v26.9 - https:\/\/yoast.com\/product\/yoast-seo-wordpress\/ -->\n<title>Contactez-nous | Novotel Phuket Resort<\/title>\n<meta name=\"description\" content=\"Contactez le Novotel Phuket Resort \u00e0 Patong Beach. R\u00e9servations, \u00e9v\u00e9nements, restauration ou renseignements : notre \u00e9quipe est \u00e0 votre \u00e9coute pour organiser votre s\u00e9jour id\u00e9al.\" \/>\n<meta name=\"robots\" content=\"index, follow, max-snippet:-1, max-image-preview:large, max-video-preview:-1\" \/>\n<link rel=\"canonical\" href=\"https:\/\/www.novotelphuket.com\/fr\/contact-us\/\" \/>\n<meta property=\"og:locale\" content=\"fr_FR\" \/>\n<meta property=\"og:type\" content=\"article\" \/>\n<meta property=\"og:title\" content=\"Contactez-nous | Novotel Phuket Resort\" \/>\n<meta property=\"og:description\" content=\"Contactez le Novotel Phuket Resort \u00e0 Patong Beach. R\u00e9servations, \u00e9v\u00e9nements, restauration ou renseignements : notre \u00e9quipe est \u00e0 votre \u00e9coute pour organiser votre s\u00e9jour id\u00e9al.\" \/>\n<meta property=\"og:url\" content=\"https:\/\/www.novotelphuket.com\/fr\/contact-us\/\" \/>\n<meta property=\"og:site_name\" content=\"Novotel Phuket Resort\" \/>\n<meta property=\"article:modified_time\" content=\"2026-04-02T04:01:49+00:00\" \/>\n<meta name=\"twitter:card\" content=\"summary_large_image\" \/>\n<meta name=\"twitter:label1\" content=\"Est. reading time\" \/>\n\t<meta name=\"twitter:data1\" content=\"1 minute\" \/>\n<script type=\"application\/ld+json\" class=\"yoast-schema-graph\">{\"@context\":\"https:\/\/schema.org\",\"@graph\":[{\"@type\":\"WebPage\",\"@id\":\"https:\/\/www.novotelphuket.com\/fr\/contact-us\/\",\"url\":\"https:\/\/www.novotelphuket.com\/fr\/contact-us\/\",\"name\":\"Contactez-nous | Novotel Phuket Resort\",\"isPartOf\":{\"@id\":\"https:\/\/www.novotelphuket.com\/#website\"},\"datePublished\":\"2026-01-13T03:46:30+00:00\",\"dateModified\":\"2026-04-02T04:01:49+00:00\",\"description\":\"Contactez le Novotel Phuket Resort \u00e0 Patong Beach. R\u00e9servations, \u00e9v\u00e9nements, restauration ou renseignements : notre \u00e9quipe est \u00e0 votre \u00e9coute pour organiser votre s\u00e9jour id\u00e9al.\",\"breadcrumb\":{\"@id\":\"https:\/\/www.novotelphuket.com\/fr\/contact-us\/#breadcrumb\"},\"inLanguage\":\"fr-FR\",\"potentialAction\":[{\"@type\":\"ReadAction\",\"target\":[\"https:\/\/www.novotelphuket.com\/fr\/contact-us\/\"]}]},{\"@type\":\"BreadcrumbList\",\"@id\":\"https:\/\/www.novotelphuket.com\/fr\/contact-us\/#breadcrumb\",\"itemListElement\":[{\"@type\":\"ListItem\",\"position\":1,\"name\":\"Accueil\",\"item\":\"https:\/\/www.novotelphuket.com\/fr\/\"},{\"@type\":\"ListItem\",\"position\":2,\"name\":\"Contactez-nous\"}]},{\"@type\":\"WebSite\",\"@id\":\"https:\/\/www.novotelphuket.com\/#website\",\"url\":\"https:\/\/www.novotelphuket.com\/\",\"name\":\"Novotel Phuket Resort\",\"description\":\"\",\"potentialAction\":[{\"@type\":\"SearchAction\",\"target\":{\"@type\":\"EntryPoint\",\"urlTemplate\":\"https:\/\/www.novotelphuket.com\/?s={search_term_string}\"},\"query-input\":{\"@type\":\"PropertyValueSpecification\",\"valueRequired\":true,\"valueName\":\"search_term_string\"}}],\"inLanguage\":\"fr-FR\"}]}<\/script>\n<!-- \/ Yoast SEO plugin. -->","yoast_head_json":{"title":"Contactez-nous | Novotel Phuket Resort","description":"Contactez le Novotel Phuket Resort \u00e0 Patong Beach. R\u00e9servations, \u00e9v\u00e9nements, restauration ou renseignements : notre \u00e9quipe est \u00e0 votre \u00e9coute pour organiser votre s\u00e9jour id\u00e9al.","robots":{"index":"index","follow":"follow","max-snippet":"max-snippet:-1","max-image-preview":"max-image-preview:large","max-video-preview":"max-video-preview:-1"},"canonical":"https:\/\/www.novotelphuket.com\/fr\/contact-us\/","og_locale":"fr_FR","og_type":"article","og_title":"Contactez-nous | Novotel Phuket Resort","og_description":"Contactez le Novotel Phuket Resort \u00e0 Patong Beach. R\u00e9servations, \u00e9v\u00e9nements, restauration ou renseignements : notre \u00e9quipe est \u00e0 votre \u00e9coute pour organiser votre s\u00e9jour id\u00e9al.","og_url":"https:\/\/www.novotelphuket.com\/fr\/contact-us\/","og_site_name":"Novotel Phuket Resort","article_modified_time":"2026-04-02T04:01:49+00:00","twitter_card":"summary_large_image","twitter_misc":{"Est. reading time":"1 minute"},"schema":{"@context":"https:\/\/schema.org","@graph":[{"@type":"WebPage","@id":"https:\/\/www.novotelphuket.com\/fr\/contact-us\/","url":"https:\/\/www.novotelphuket.com\/fr\/contact-us\/","name":"Contactez-nous | Novotel Phuket Resort","isPartOf":{"@id":"https:\/\/www.novotelphuket.com\/#website"},"datePublished":"2026-01-13T03:46:30+00:00","dateModified":"2026-04-02T04:01:49+00:00","description":"Contactez le Novotel Phuket Resort \u00e0 Patong Beach. R\u00e9servations, \u00e9v\u00e9nements, restauration ou renseignements : notre \u00e9quipe est \u00e0 votre \u00e9coute pour organiser votre s\u00e9jour id\u00e9al.","breadcrumb":{"@id":"https:\/\/www.novotelphuket.com\/fr\/contact-us\/#breadcrumb"},"inLanguage":"fr-FR","potentialAction":[{"@type":"ReadAction","target":["https:\/\/www.novotelphuket.com\/fr\/contact-us\/"]}]},{"@type":"BreadcrumbList","@id":"https:\/\/www.novotelphuket.com\/fr\/contact-us\/#breadcrumb","itemListElement":[{"@type":"ListItem","position":1,"name":"Accueil","item":"https:\/\/www.novotelphuket.com\/fr\/"},{"@type":"ListItem","position":2,"name":"Contactez-nous"}]},{"@type":"WebSite","@id":"https:\/\/www.novotelphuket.com\/#website","url":"https:\/\/www.novotelphuket.com\/","name":"Novotel Phuket Resort","description":"","potentialAction":[{"@type":"SearchAction","target":{"@type":"EntryPoint","urlTemplate":"https:\/\/www.novotelphuket.com\/?s={search_term_string}"},"query-input":{"@type":"PropertyValueSpecification","valueRequired":true,"valueName":"search_term_string"}}],"inLanguage":"fr-FR"}]}},"_links":{"self":[{"href":"https:\/\/www.novotelphuket.com\/fr\/wp-json\/wp\/v2\/pages\/729","targetHints":{"allow":["GET"]}}],"collection":[{"href":"https:\/\/www.novotelphuket.com\/fr\/wp-json\/wp\/v2\/pages"}],"about":[{"href":"https:\/\/www.novotelphuket.com\/fr\/wp-json\/wp\/v2\/types\/page"}],"author":[{"embeddable":true,"href":"https:\/\/www.novotelphuket.com\/fr\/wp-json\/wp\/v2\/users\/30"}],"replies":[{"embeddable":true,"href":"https:\/\/www.novotelphuket.com\/fr\/wp-json\/wp\/v2\/comments?post=729"}],"version-history":[{"count":0,"href":"https:\/\/www.novotelphuket.com\/fr\/wp-json\/wp\/v2\/pages\/729\/revisions"}],"wp:attachment":[{"href":"https:\/\/www.novotelphuket.com\/fr\/wp-json\/wp\/v2\/media?parent=729"}],"wp:term":[{"taxonomy":"category","embeddable":true,"href":"https:\/\/www.novotelphuket.com\/fr\/wp-json\/wp\/v2\/categories?post=729"}],"curies":[{"name":"wp","href":"https:\/\/api.w.org\/{rel}","templated":true}]}}