{"id":733,"date":"2026-01-13T03:04:16","date_gmt":"2026-01-13T03:04:16","guid":{"rendered":"https:\/\/novotelphuketresort.accorv2prod2.decms.eu\/location\/"},"modified":"2026-04-29T02:40:35","modified_gmt":"2026-04-29T02:40:35","slug":"location","status":"publish","type":"page","link":"https:\/\/www.novotelphuket.com\/fr\/location\/","title":{"rendered":"Localisation"},"content":{"rendered":"<p>Situ\u00e9 \u00e0 flanc de colline pr\u00e8s de la plage de Patong, le Novotel Phuket Resort offre un \u00e9quilibre parfait entre tranquillit\u00e9 et commodit\u00e9. Entour\u00e9 par la nature, notre complexe est id\u00e9al pour se d\u00e9tendre ou profiter d&rsquo;une vue imprenable sur la c\u00f4te. Que vous soyez ici pour affaires ou pour le plaisir, notre emplacement privil\u00e9gi\u00e9 vous permet de d\u00e9couvrir le meilleur de la Tha\u00eflande.<\/p>\n","protected":false},"excerpt":{"rendered":"<p>Situ\u00e9 \u00e0 flanc de colline pr\u00e8s de la plage de Patong, le Novotel Phuket Resort offre un \u00e9quilibre parfait entre tranquillit\u00e9 et commodit\u00e9. Entour\u00e9 par la nature, notre complexe est id\u00e9al pour se d\u00e9tendre ou profiter d&rsquo;une vue imprenable sur la c\u00f4te. Que vous soyez ici pour affaires ou pour le plaisir, notre emplacement privil\u00e9gi\u00e9 [&hellip;]<\/p>\n","protected":false},"author":30,"featured_media":0,"parent":0,"menu_order":0,"comment_status":"closed","ping_status":"closed","template":"template-location.php","meta":{"footnotes":""},"categories":[],"class_list":["post-733","page","type-page","status-publish","hentry"],"acf":[],"yoast_head":"<!-- This site is optimized with the Yoast SEO plugin v26.9 - https:\/\/yoast.com\/product\/yoast-seo-wordpress\/ -->\n<title>Novotel Phuket Resort \u2013 Emplacement privil\u00e9gi\u00e9 pr\u00e8s de la plage de Patong, Phuket<\/title>\n<meta name=\"description\" content=\"L\u2019emplacement en bord de mer du Novotel Phuket offre un acc\u00e8s facile aux boutiques, attractions et \u00e0 la vie nocturne \u2014 id\u00e9al pour des vacances insulaires anim\u00e9es.\" \/>\n<meta name=\"robots\" content=\"index, follow, max-snippet:-1, max-image-preview:large, max-video-preview:-1\" \/>\n<link rel=\"canonical\" href=\"https:\/\/www.novotelphuket.com\/fr\/location\/\" \/>\n<meta property=\"og:locale\" content=\"fr_FR\" \/>\n<meta property=\"og:type\" content=\"article\" \/>\n<meta property=\"og:title\" content=\"Novotel Phuket Resort \u2013 Emplacement privil\u00e9gi\u00e9 pr\u00e8s de la plage de Patong, Phuket\" \/>\n<meta property=\"og:description\" content=\"L\u2019emplacement en bord de mer du Novotel Phuket offre un acc\u00e8s facile aux boutiques, attractions et \u00e0 la vie nocturne \u2014 id\u00e9al pour des vacances insulaires anim\u00e9es.\" \/>\n<meta property=\"og:url\" content=\"https:\/\/www.novotelphuket.com\/fr\/location\/\" \/>\n<meta property=\"og:site_name\" content=\"Novotel Phuket Resort\" \/>\n<meta property=\"article:modified_time\" content=\"2026-04-29T02:40:35+00:00\" \/>\n<meta name=\"twitter:card\" content=\"summary_large_image\" \/>\n<meta name=\"twitter:label1\" content=\"Est. reading time\" \/>\n\t<meta name=\"twitter:data1\" content=\"1 minute\" \/>\n<script type=\"application\/ld+json\" class=\"yoast-schema-graph\">{\"@context\":\"https:\/\/schema.org\",\"@graph\":[{\"@type\":\"WebPage\",\"@id\":\"https:\/\/www.novotelphuket.com\/fr\/location\/\",\"url\":\"https:\/\/www.novotelphuket.com\/fr\/location\/\",\"name\":\"Novotel Phuket Resort \u2013 Emplacement privil\u00e9gi\u00e9 pr\u00e8s de la plage de Patong, Phuket\",\"isPartOf\":{\"@id\":\"https:\/\/www.novotelphuket.com\/#website\"},\"datePublished\":\"2026-01-13T03:04:16+00:00\",\"dateModified\":\"2026-04-29T02:40:35+00:00\",\"description\":\"L\u2019emplacement en bord de mer du Novotel Phuket offre un acc\u00e8s facile aux boutiques, attractions et \u00e0 la vie nocturne \u2014 id\u00e9al pour des vacances insulaires anim\u00e9es.\",\"breadcrumb\":{\"@id\":\"https:\/\/www.novotelphuket.com\/fr\/location\/#breadcrumb\"},\"inLanguage\":\"fr-FR\",\"potentialAction\":[{\"@type\":\"ReadAction\",\"target\":[\"https:\/\/www.novotelphuket.com\/fr\/location\/\"]}]},{\"@type\":\"BreadcrumbList\",\"@id\":\"https:\/\/www.novotelphuket.com\/fr\/location\/#breadcrumb\",\"itemListElement\":[{\"@type\":\"ListItem\",\"position\":1,\"name\":\"Accueil\",\"item\":\"https:\/\/www.novotelphuket.com\/fr\/\"},{\"@type\":\"ListItem\",\"position\":2,\"name\":\"Localisation\"}]},{\"@type\":\"WebSite\",\"@id\":\"https:\/\/www.novotelphuket.com\/#website\",\"url\":\"https:\/\/www.novotelphuket.com\/\",\"name\":\"Novotel Phuket Resort\",\"description\":\"\",\"potentialAction\":[{\"@type\":\"SearchAction\",\"target\":{\"@type\":\"EntryPoint\",\"urlTemplate\":\"https:\/\/www.novotelphuket.com\/?s={search_term_string}\"},\"query-input\":{\"@type\":\"PropertyValueSpecification\",\"valueRequired\":true,\"valueName\":\"search_term_string\"}}],\"inLanguage\":\"fr-FR\"}]}<\/script>\n<!-- \/ Yoast SEO plugin. -->","yoast_head_json":{"title":"Novotel Phuket Resort \u2013 Emplacement privil\u00e9gi\u00e9 pr\u00e8s de la plage de Patong, Phuket","description":"L\u2019emplacement en bord de mer du Novotel Phuket offre un acc\u00e8s facile aux boutiques, attractions et \u00e0 la vie nocturne \u2014 id\u00e9al pour des vacances insulaires anim\u00e9es.","robots":{"index":"index","follow":"follow","max-snippet":"max-snippet:-1","max-image-preview":"max-image-preview:large","max-video-preview":"max-video-preview:-1"},"canonical":"https:\/\/www.novotelphuket.com\/fr\/location\/","og_locale":"fr_FR","og_type":"article","og_title":"Novotel Phuket Resort \u2013 Emplacement privil\u00e9gi\u00e9 pr\u00e8s de la plage de Patong, Phuket","og_description":"L\u2019emplacement en bord de mer du Novotel Phuket offre un acc\u00e8s facile aux boutiques, attractions et \u00e0 la vie nocturne \u2014 id\u00e9al pour des vacances insulaires anim\u00e9es.","og_url":"https:\/\/www.novotelphuket.com\/fr\/location\/","og_site_name":"Novotel Phuket Resort","article_modified_time":"2026-04-29T02:40:35+00:00","twitter_card":"summary_large_image","twitter_misc":{"Est. reading time":"1 minute"},"schema":{"@context":"https:\/\/schema.org","@graph":[{"@type":"WebPage","@id":"https:\/\/www.novotelphuket.com\/fr\/location\/","url":"https:\/\/www.novotelphuket.com\/fr\/location\/","name":"Novotel Phuket Resort \u2013 Emplacement privil\u00e9gi\u00e9 pr\u00e8s de la plage de Patong, Phuket","isPartOf":{"@id":"https:\/\/www.novotelphuket.com\/#website"},"datePublished":"2026-01-13T03:04:16+00:00","dateModified":"2026-04-29T02:40:35+00:00","description":"L\u2019emplacement en bord de mer du Novotel Phuket offre un acc\u00e8s facile aux boutiques, attractions et \u00e0 la vie nocturne \u2014 id\u00e9al pour des vacances insulaires anim\u00e9es.","breadcrumb":{"@id":"https:\/\/www.novotelphuket.com\/fr\/location\/#breadcrumb"},"inLanguage":"fr-FR","potentialAction":[{"@type":"ReadAction","target":["https:\/\/www.novotelphuket.com\/fr\/location\/"]}]},{"@type":"BreadcrumbList","@id":"https:\/\/www.novotelphuket.com\/fr\/location\/#breadcrumb","itemListElement":[{"@type":"ListItem","position":1,"name":"Accueil","item":"https:\/\/www.novotelphuket.com\/fr\/"},{"@type":"ListItem","position":2,"name":"Localisation"}]},{"@type":"WebSite","@id":"https:\/\/www.novotelphuket.com\/#website","url":"https:\/\/www.novotelphuket.com\/","name":"Novotel Phuket Resort","description":"","potentialAction":[{"@type":"SearchAction","target":{"@type":"EntryPoint","urlTemplate":"https:\/\/www.novotelphuket.com\/?s={search_term_string}"},"query-input":{"@type":"PropertyValueSpecification","valueRequired":true,"valueName":"search_term_string"}}],"inLanguage":"fr-FR"}]}},"_links":{"self":[{"href":"https:\/\/www.novotelphuket.com\/fr\/wp-json\/wp\/v2\/pages\/733","targetHints":{"allow":["GET"]}}],"collection":[{"href":"https:\/\/www.novotelphuket.com\/fr\/wp-json\/wp\/v2\/pages"}],"about":[{"href":"https:\/\/www.novotelphuket.com\/fr\/wp-json\/wp\/v2\/types\/page"}],"author":[{"embeddable":true,"href":"https:\/\/www.novotelphuket.com\/fr\/wp-json\/wp\/v2\/users\/30"}],"replies":[{"embeddable":true,"href":"https:\/\/www.novotelphuket.com\/fr\/wp-json\/wp\/v2\/comments?post=733"}],"version-history":[{"count":0,"href":"https:\/\/www.novotelphuket.com\/fr\/wp-json\/wp\/v2\/pages\/733\/revisions"}],"wp:attachment":[{"href":"https:\/\/www.novotelphuket.com\/fr\/wp-json\/wp\/v2\/media?parent=733"}],"wp:term":[{"taxonomy":"category","embeddable":true,"href":"https:\/\/www.novotelphuket.com\/fr\/wp-json\/wp\/v2\/categories?post=733"}],"curies":[{"name":"wp","href":"https:\/\/api.w.org\/{rel}","templated":true}]}}